{"id":12260,"date":"2026-01-19T11:53:44","date_gmt":"2026-01-19T10:53:44","guid":{"rendered":"https:\/\/linoexpress.com\/lt\/proizvod\/batpmp-product\/"},"modified":"2026-03-11T01:08:08","modified_gmt":"2026-03-11T00:08:08","slug":"nesiojama-zarna-su-pompa","status":"publish","type":"product","link":"https:\/\/linoexpress.com\/lt\/proizvod\/nesiojama-zarna-su-pompa\/","title":{"rendered":"Ne\u0161iojama \u017earna su pompa"},"content":{"rendered":"","protected":false},"excerpt":{"rendered":"<p>Ne\u0161iojamas baterinis siurblys leid\u017eia greitai, \u0161variai ir saugiai perkelti skys\u010dius be sunkaus k\u0117limo. Veikia su baterijomis ir lengvai naudojamas viena ranka, tod\u0117l yra idealus kurui, vandeniui ir kitiems skys\u010diams. Puikiai tinka nam\u0173, profesionaliam ir skubiam naudojimui.<\/p>\n","protected":false},"featured_media":12261,"comment_status":"closed","ping_status":"closed","template":"","meta":{"inline_featured_image":false},"product_brand":[],"product_cat":[25,28,27,15],"product_tag":[],"class_list":{"0":"post-12260","1":"product","2":"type-product","3":"status-publish","4":"has-post-thumbnail","6":"product_cat-car","7":"product_cat-beauty","8":"product_cat-home","9":"product_cat-uncategorized","11":"first","12":"instock","13":"sale","14":"taxable","15":"shipping-taxable","16":"purchasable","17":"product-type-simple"},"acf":[],"_links":{"self":[{"href":"https:\/\/linoexpress.com\/lt\/wp-json\/wp\/v2\/product\/12260","targetHints":{"allow":["GET"]}}],"collection":[{"href":"https:\/\/linoexpress.com\/lt\/wp-json\/wp\/v2\/product"}],"about":[{"href":"https:\/\/linoexpress.com\/lt\/wp-json\/wp\/v2\/types\/product"}],"replies":[{"embeddable":true,"href":"https:\/\/linoexpress.com\/lt\/wp-json\/wp\/v2\/comments?post=12260"}],"wp:featuredmedia":[{"embeddable":true,"href":"https:\/\/linoexpress.com\/lt\/wp-json\/wp\/v2\/media\/12261"}],"wp:attachment":[{"href":"https:\/\/linoexpress.com\/lt\/wp-json\/wp\/v2\/media?parent=12260"}],"wp:term":[{"taxonomy":"product_brand","embeddable":true,"href":"https:\/\/linoexpress.com\/lt\/wp-json\/wp\/v2\/product_brand?post=12260"},{"taxonomy":"product_cat","embeddable":true,"href":"https:\/\/linoexpress.com\/lt\/wp-json\/wp\/v2\/product_cat?post=12260"},{"taxonomy":"product_tag","embeddable":true,"href":"https:\/\/linoexpress.com\/lt\/wp-json\/wp\/v2\/product_tag?post=12260"}],"curies":[{"name":"wp","href":"https:\/\/api.w.org\/{rel}","templated":true}]}}