{"id":12271,"date":"2026-01-19T20:46:18","date_gmt":"2026-01-19T19:46:18","guid":{"rendered":"https:\/\/linoexpress.com\/lt\/proizvod\/hood-product\/"},"modified":"2026-03-11T01:07:31","modified_gmt":"2026-03-11T00:07:31","slug":"daudzfunkcionals-jaudigs-ventilators","status":"publish","type":"product","link":"https:\/\/linoexpress.com\/lt\/proizvod\/daudzfunkcionals-jaudigs-ventilators\/","title":{"rendered":"Daugiafunkcinis galingas ventiliatorius"},"content":{"rendered":"","protected":false},"excerpt":{"rendered":"<p>\u0160is daugiafunkcis i\u0161traukimo ventiliatorius u\u017etikrina stipri\u0105 oro sraut\u0105 su itin tyliu veikimu. Efektyviai pa\u0161alina dr\u0117gm\u0119, kvapus ir d\u016bmus, gerindamas oro kokyb\u0119 bet kurioje patalpoje. Idealiai tinka virtuv\u0117ms, vonios kambariams, biurams ir komercin\u0117ms patalpoms.<\/p>\n","protected":false},"featured_media":12272,"comment_status":"closed","ping_status":"closed","template":"","meta":{"inline_featured_image":false},"product_brand":[],"product_cat":[15],"product_tag":[],"class_list":{"0":"post-12271","1":"product","2":"type-product","3":"status-publish","4":"has-post-thumbnail","6":"product_cat-uncategorized","8":"first","9":"instock","10":"sale","11":"taxable","12":"shipping-taxable","13":"purchasable","14":"product-type-simple"},"acf":[],"_links":{"self":[{"href":"https:\/\/linoexpress.com\/lt\/wp-json\/wp\/v2\/product\/12271","targetHints":{"allow":["GET"]}}],"collection":[{"href":"https:\/\/linoexpress.com\/lt\/wp-json\/wp\/v2\/product"}],"about":[{"href":"https:\/\/linoexpress.com\/lt\/wp-json\/wp\/v2\/types\/product"}],"replies":[{"embeddable":true,"href":"https:\/\/linoexpress.com\/lt\/wp-json\/wp\/v2\/comments?post=12271"}],"wp:featuredmedia":[{"embeddable":true,"href":"https:\/\/linoexpress.com\/lt\/wp-json\/wp\/v2\/media\/12272"}],"wp:attachment":[{"href":"https:\/\/linoexpress.com\/lt\/wp-json\/wp\/v2\/media?parent=12271"}],"wp:term":[{"taxonomy":"product_brand","embeddable":true,"href":"https:\/\/linoexpress.com\/lt\/wp-json\/wp\/v2\/product_brand?post=12271"},{"taxonomy":"product_cat","embeddable":true,"href":"https:\/\/linoexpress.com\/lt\/wp-json\/wp\/v2\/product_cat?post=12271"},{"taxonomy":"product_tag","embeddable":true,"href":"https:\/\/linoexpress.com\/lt\/wp-json\/wp\/v2\/product_tag?post=12271"}],"curies":[{"name":"wp","href":"https:\/\/api.w.org\/{rel}","templated":true}]}}