{"id":12284,"date":"2026-01-19T23:32:48","date_gmt":"2026-01-19T22:32:48","guid":{"rendered":"https:\/\/linoexpress.com\/lt\/proizvod\/pants-product\/"},"modified":"2026-03-11T01:07:14","modified_gmt":"2026-03-11T00:07:14","slug":"beprotiskas-kiemo-zaidimas-granny-pants","status":"publish","type":"product","link":"https:\/\/linoexpress.com\/lt\/proizvod\/beprotiskas-kiemo-zaidimas-granny-pants\/","title":{"rendered":"Beproti\u0161kas kiemo \u017eaidimas &#8211; Granny Pants"},"content":{"rendered":"","protected":false},"excerpt":{"rendered":"<p>\u017denkite \u012f nepamir\u0161tam\u0105 pramog\u0105 su Granny Pants, pa\u0161\u0117lusi\u0105 kiemo \u017eaidim\u0105, kuris garantuoja juok\u0105, jud\u0117jim\u0105 ir bendravim\u0105 visai \u0161eimai ir draugams. Puikiai tinka kiemams, kepsnin\u0117ms, gimtadieniams, mokyklos veikloms ir komandos formavimo renginiams. Lengvai \u012frengiama, universalaus dyd\u017eio ir pritaikyta visoms am\u017eiaus grup\u0117ms, greitai tampa pagrindine kiekvieno susib\u016brimo atrakcija.<\/p>\n","protected":false},"featured_media":12285,"comment_status":"closed","ping_status":"closed","template":"","meta":{"inline_featured_image":false},"product_brand":[],"product_cat":[28,24,15],"product_tag":[],"class_list":{"0":"post-12284","1":"product","2":"type-product","3":"status-publish","4":"has-post-thumbnail","6":"product_cat-beauty","7":"product_cat-sale","8":"product_cat-uncategorized","10":"first","11":"instock","12":"sale","13":"taxable","14":"shipping-taxable","15":"purchasable","16":"product-type-simple"},"acf":[],"_links":{"self":[{"href":"https:\/\/linoexpress.com\/lt\/wp-json\/wp\/v2\/product\/12284","targetHints":{"allow":["GET"]}}],"collection":[{"href":"https:\/\/linoexpress.com\/lt\/wp-json\/wp\/v2\/product"}],"about":[{"href":"https:\/\/linoexpress.com\/lt\/wp-json\/wp\/v2\/types\/product"}],"replies":[{"embeddable":true,"href":"https:\/\/linoexpress.com\/lt\/wp-json\/wp\/v2\/comments?post=12284"}],"wp:featuredmedia":[{"embeddable":true,"href":"https:\/\/linoexpress.com\/lt\/wp-json\/wp\/v2\/media\/12285"}],"wp:attachment":[{"href":"https:\/\/linoexpress.com\/lt\/wp-json\/wp\/v2\/media?parent=12284"}],"wp:term":[{"taxonomy":"product_brand","embeddable":true,"href":"https:\/\/linoexpress.com\/lt\/wp-json\/wp\/v2\/product_brand?post=12284"},{"taxonomy":"product_cat","embeddable":true,"href":"https:\/\/linoexpress.com\/lt\/wp-json\/wp\/v2\/product_cat?post=12284"},{"taxonomy":"product_tag","embeddable":true,"href":"https:\/\/linoexpress.com\/lt\/wp-json\/wp\/v2\/product_tag?post=12284"}],"curies":[{"name":"wp","href":"https:\/\/api.w.org\/{rel}","templated":true}]}}