{"id":12299,"date":"2026-01-20T00:37:31","date_gmt":"2026-01-19T23:37:31","guid":{"rendered":"https:\/\/linoexpress.com\/lt\/proizvod\/bref-product\/"},"modified":"2026-01-20T01:04:19","modified_gmt":"2026-01-20T00:04:19","slug":"refleksinis-kamuoliukas-greiciui-ir-koordinacijai-lavinti","status":"publish","type":"product","link":"https:\/\/linoexpress.com\/lt\/proizvod\/refleksinis-kamuoliukas-greiciui-ir-koordinacijai-lavinti\/","title":{"rendered":"Refleksinis kamuoliukas grei\u010diui ir koordinacijai lavinti"},"content":{"rendered":"","protected":false},"excerpt":{"rendered":"<p>Refleksin\u0117 bokso kamuoliukas yra prakti\u0161ka treniruo\u010di\u0173 priemon\u0117, skirta grei\u010diui, fokusui ir rank\u0173-akies koordinacijai gerinti. Idealiai tinka boksininkams, sportininkams ir m\u0117g\u0117jams vis\u0173 am\u017eiaus grupi\u0173, taip pat nam\u0173 treniruot\u0117ms. Lengva, reguliuojama ir paprasta naudoti, leid\u017eia efektyviai treniruotis bet kurioje vietoje.<\/p>\n","protected":false},"featured_media":12300,"comment_status":"closed","ping_status":"closed","template":"","meta":{"inline_featured_image":false},"product_brand":[],"product_cat":[28,27,15],"product_tag":[],"class_list":{"0":"post-12299","1":"product","2":"type-product","3":"status-publish","4":"has-post-thumbnail","6":"product_cat-beauty","7":"product_cat-home","8":"product_cat-uncategorized","10":"first","11":"instock","12":"sale","13":"taxable","14":"shipping-taxable","15":"purchasable","16":"product-type-simple"},"acf":[],"_links":{"self":[{"href":"https:\/\/linoexpress.com\/lt\/wp-json\/wp\/v2\/product\/12299","targetHints":{"allow":["GET"]}}],"collection":[{"href":"https:\/\/linoexpress.com\/lt\/wp-json\/wp\/v2\/product"}],"about":[{"href":"https:\/\/linoexpress.com\/lt\/wp-json\/wp\/v2\/types\/product"}],"replies":[{"embeddable":true,"href":"https:\/\/linoexpress.com\/lt\/wp-json\/wp\/v2\/comments?post=12299"}],"wp:featuredmedia":[{"embeddable":true,"href":"https:\/\/linoexpress.com\/lt\/wp-json\/wp\/v2\/media\/12300"}],"wp:attachment":[{"href":"https:\/\/linoexpress.com\/lt\/wp-json\/wp\/v2\/media?parent=12299"}],"wp:term":[{"taxonomy":"product_brand","embeddable":true,"href":"https:\/\/linoexpress.com\/lt\/wp-json\/wp\/v2\/product_brand?post=12299"},{"taxonomy":"product_cat","embeddable":true,"href":"https:\/\/linoexpress.com\/lt\/wp-json\/wp\/v2\/product_cat?post=12299"},{"taxonomy":"product_tag","embeddable":true,"href":"https:\/\/linoexpress.com\/lt\/wp-json\/wp\/v2\/product_tag?post=12299"}],"curies":[{"name":"wp","href":"https:\/\/api.w.org\/{rel}","templated":true}]}}