{"id":12323,"date":"2026-01-21T22:40:00","date_gmt":"2026-01-21T21:40:00","guid":{"rendered":"https:\/\/linoexpress.com\/lt\/proizvod\/catty-product\/"},"modified":"2026-03-11T01:06:48","modified_gmt":"2026-03-11T00:06:48","slug":"miela-robotine-kate-interaktyvus-augintinis","status":"publish","type":"product","link":"https:\/\/linoexpress.com\/lt\/proizvod\/miela-robotine-kate-interaktyvus-augintinis\/","title":{"rendered":"Miela robotin\u0117 kat\u0117 &#8211; Interaktyvus augintinis"},"content":{"rendered":"","protected":false},"excerpt":{"rendered":"<p>\u0160i realisti\u0161ka robotin\u0117 kat\u0117 vaik\u0161to, miaukia ir murkia kaip tikra, suteikdama vaikams tikro naminio gyv\u016bno poj\u016bt\u012f. Ji pagaminta i\u0161 mink\u0161tos, malonios med\u017eiagos, kuri yra saugi \u017eaidimui ir glostymui. Ideali vaizduot\u0117s vystymuisi, bendravimui ir ilgalaikiam pramogavimui be r\u016bpes\u010di\u0173 d\u0117l tikro gyv\u016bno prie\u017ei\u016bros.<\/p>\n","protected":false},"featured_media":12324,"comment_status":"closed","ping_status":"closed","template":"","meta":{"inline_featured_image":false},"product_brand":[],"product_cat":[25,28,35,15],"product_tag":[],"class_list":{"0":"post-12323","1":"product","2":"type-product","3":"status-publish","4":"has-post-thumbnail","6":"product_cat-car","7":"product_cat-beauty","8":"product_cat-fun","9":"product_cat-uncategorized","11":"first","12":"instock","13":"sale","14":"taxable","15":"shipping-taxable","16":"purchasable","17":"product-type-simple"},"acf":[],"_links":{"self":[{"href":"https:\/\/linoexpress.com\/lt\/wp-json\/wp\/v2\/product\/12323","targetHints":{"allow":["GET"]}}],"collection":[{"href":"https:\/\/linoexpress.com\/lt\/wp-json\/wp\/v2\/product"}],"about":[{"href":"https:\/\/linoexpress.com\/lt\/wp-json\/wp\/v2\/types\/product"}],"replies":[{"embeddable":true,"href":"https:\/\/linoexpress.com\/lt\/wp-json\/wp\/v2\/comments?post=12323"}],"wp:featuredmedia":[{"embeddable":true,"href":"https:\/\/linoexpress.com\/lt\/wp-json\/wp\/v2\/media\/12324"}],"wp:attachment":[{"href":"https:\/\/linoexpress.com\/lt\/wp-json\/wp\/v2\/media?parent=12323"}],"wp:term":[{"taxonomy":"product_brand","embeddable":true,"href":"https:\/\/linoexpress.com\/lt\/wp-json\/wp\/v2\/product_brand?post=12323"},{"taxonomy":"product_cat","embeddable":true,"href":"https:\/\/linoexpress.com\/lt\/wp-json\/wp\/v2\/product_cat?post=12323"},{"taxonomy":"product_tag","embeddable":true,"href":"https:\/\/linoexpress.com\/lt\/wp-json\/wp\/v2\/product_tag?post=12323"}],"curies":[{"name":"wp","href":"https:\/\/api.w.org\/{rel}","templated":true}]}}