{"id":12382,"date":"2026-02-04T10:17:16","date_gmt":"2026-02-04T09:17:16","guid":{"rendered":"https:\/\/linoexpress.com\/lt\/proizvod\/rfid-product\/"},"modified":"2026-03-11T01:06:31","modified_gmt":"2026-03-11T00:06:31","slug":"naktinis-staliukas-su-paslepta-saugumo-erdve","status":"publish","type":"product","link":"https:\/\/linoexpress.com\/lt\/proizvod\/naktinis-staliukas-su-paslepta-saugumo-erdve\/","title":{"rendered":"Naktinis staliukas su pasl\u0117pta saugumo erdve"},"content":{"rendered":"","protected":false},"excerpt":{"rendered":"<p>\u0160is naktinis staliukas suteikia tobul\u0105 elegancijos ir diskreti\u0161kos apsaugos derin\u012f j\u016bs\u0173 namams. U\u017e paprastos, modernios i\u0161vaizdos slypi protingai pasl\u0117pta erdv\u0117 su RFID u\u017eraktu, skirta saugiam vertybi\u0173 laikymui. Jis idealus visiems, kurie nori tvarkingos erdv\u0117s, bet ir papildomo saugumo jausmo.<\/p>\n","protected":false},"featured_media":12383,"comment_status":"closed","ping_status":"closed","template":"","meta":{"inline_featured_image":false},"product_brand":[],"product_cat":[28,35,15],"product_tag":[],"class_list":{"0":"post-12382","1":"product","2":"type-product","3":"status-publish","4":"has-post-thumbnail","6":"product_cat-beauty","7":"product_cat-fun","8":"product_cat-uncategorized","10":"first","11":"instock","12":"sale","13":"taxable","14":"shipping-taxable","15":"purchasable","16":"product-type-simple"},"acf":[],"_links":{"self":[{"href":"https:\/\/linoexpress.com\/lt\/wp-json\/wp\/v2\/product\/12382","targetHints":{"allow":["GET"]}}],"collection":[{"href":"https:\/\/linoexpress.com\/lt\/wp-json\/wp\/v2\/product"}],"about":[{"href":"https:\/\/linoexpress.com\/lt\/wp-json\/wp\/v2\/types\/product"}],"replies":[{"embeddable":true,"href":"https:\/\/linoexpress.com\/lt\/wp-json\/wp\/v2\/comments?post=12382"}],"wp:featuredmedia":[{"embeddable":true,"href":"https:\/\/linoexpress.com\/lt\/wp-json\/wp\/v2\/media\/12383"}],"wp:attachment":[{"href":"https:\/\/linoexpress.com\/lt\/wp-json\/wp\/v2\/media?parent=12382"}],"wp:term":[{"taxonomy":"product_brand","embeddable":true,"href":"https:\/\/linoexpress.com\/lt\/wp-json\/wp\/v2\/product_brand?post=12382"},{"taxonomy":"product_cat","embeddable":true,"href":"https:\/\/linoexpress.com\/lt\/wp-json\/wp\/v2\/product_cat?post=12382"},{"taxonomy":"product_tag","embeddable":true,"href":"https:\/\/linoexpress.com\/lt\/wp-json\/wp\/v2\/product_tag?post=12382"}],"curies":[{"name":"wp","href":"https:\/\/api.w.org\/{rel}","templated":true}]}}