{"id":12398,"date":"2026-02-05T19:54:24","date_gmt":"2026-02-05T18:54:24","guid":{"rendered":"https:\/\/linoexpress.com\/lt\/proizvod\/matgnd-product\/"},"modified":"2026-03-11T01:06:17","modified_gmt":"2026-03-11T00:06:17","slug":"izeminimo-kilimelis","status":"publish","type":"product","link":"https:\/\/linoexpress.com\/lt\/proizvod\/izeminimo-kilimelis\/","title":{"rendered":"\u012e\u017eeminimo kilim\u0117lis"},"content":{"rendered":"","protected":false},"excerpt":{"rendered":"<p>\u012e\u017eeminimo kilim\u0117lis leid\u017eia nat\u016braliai susijungti k\u016bnui su \u017eeme ir atkurti organizmo elektrin\u0119 pusiausvyr\u0105. Reguliarus naudojimas gali prisid\u0117ti prie geresnio miego, streso ma\u017einimo ir raumen\u0173 bei s\u0105nari\u0173 skausmo palengvinimo. Jis yra paprastas naudoti ir tinkamas namams, biurui ar poilsiui.<\/p>\n","protected":false},"featured_media":12399,"comment_status":"closed","ping_status":"closed","template":"","meta":{"inline_featured_image":false},"product_brand":[],"product_cat":[28,24,35,27,26,15],"product_tag":[],"class_list":{"0":"post-12398","1":"product","2":"type-product","3":"status-publish","4":"has-post-thumbnail","6":"product_cat-beauty","7":"product_cat-sale","8":"product_cat-fun","9":"product_cat-home","10":"product_cat-health","11":"product_cat-uncategorized","13":"first","14":"instock","15":"sale","16":"taxable","17":"shipping-taxable","18":"purchasable","19":"product-type-simple"},"acf":[],"_links":{"self":[{"href":"https:\/\/linoexpress.com\/lt\/wp-json\/wp\/v2\/product\/12398","targetHints":{"allow":["GET"]}}],"collection":[{"href":"https:\/\/linoexpress.com\/lt\/wp-json\/wp\/v2\/product"}],"about":[{"href":"https:\/\/linoexpress.com\/lt\/wp-json\/wp\/v2\/types\/product"}],"replies":[{"embeddable":true,"href":"https:\/\/linoexpress.com\/lt\/wp-json\/wp\/v2\/comments?post=12398"}],"wp:featuredmedia":[{"embeddable":true,"href":"https:\/\/linoexpress.com\/lt\/wp-json\/wp\/v2\/media\/12399"}],"wp:attachment":[{"href":"https:\/\/linoexpress.com\/lt\/wp-json\/wp\/v2\/media?parent=12398"}],"wp:term":[{"taxonomy":"product_brand","embeddable":true,"href":"https:\/\/linoexpress.com\/lt\/wp-json\/wp\/v2\/product_brand?post=12398"},{"taxonomy":"product_cat","embeddable":true,"href":"https:\/\/linoexpress.com\/lt\/wp-json\/wp\/v2\/product_cat?post=12398"},{"taxonomy":"product_tag","embeddable":true,"href":"https:\/\/linoexpress.com\/lt\/wp-json\/wp\/v2\/product_tag?post=12398"}],"curies":[{"name":"wp","href":"https:\/\/api.w.org\/{rel}","templated":true}]}}