{"id":12415,"date":"2026-02-05T20:46:20","date_gmt":"2026-02-05T19:46:20","guid":{"rendered":"https:\/\/linoexpress.com\/lt\/proizvod\/strap-product\/"},"modified":"2026-03-11T01:06:07","modified_gmt":"2026-03-11T00:06:07","slug":"svorio-kelimo-dirzai-su-kabliukais-riesui","status":"publish","type":"product","link":"https:\/\/linoexpress.com\/lt\/proizvod\/svorio-kelimo-dirzai-su-kabliukais-riesui\/","title":{"rendered":"Svorio k\u0117limo dir\u017eai su kabliukais rie\u0161ui"},"content":{"rendered":"","protected":false},"excerpt":{"rendered":"<p>Svorio k\u0117limo dir\u017eai suteikia stipri\u0105 ir stabili\u0105 param\u0105 treniruojantis su didesne apkrova. Jie padeda saugiau atlikti judesius ir suma\u017eina rank\u0173 bei rie\u0161\u0173 apkrov\u0105. Skirti visiems, kurie nori geresn\u0117s kontrol\u0117s, stipresnio sukibimo ir efektyvesn\u0117s treniruot\u0117s.<\/p>\n","protected":false},"featured_media":12416,"comment_status":"closed","ping_status":"closed","template":"","meta":{"inline_featured_image":false},"product_brand":[],"product_cat":[35,27,26,15],"product_tag":[],"class_list":{"0":"post-12415","1":"product","2":"type-product","3":"status-publish","4":"has-post-thumbnail","6":"product_cat-fun","7":"product_cat-home","8":"product_cat-health","9":"product_cat-uncategorized","11":"first","12":"instock","13":"sale","14":"taxable","15":"shipping-taxable","16":"purchasable","17":"product-type-simple"},"acf":[],"_links":{"self":[{"href":"https:\/\/linoexpress.com\/lt\/wp-json\/wp\/v2\/product\/12415","targetHints":{"allow":["GET"]}}],"collection":[{"href":"https:\/\/linoexpress.com\/lt\/wp-json\/wp\/v2\/product"}],"about":[{"href":"https:\/\/linoexpress.com\/lt\/wp-json\/wp\/v2\/types\/product"}],"replies":[{"embeddable":true,"href":"https:\/\/linoexpress.com\/lt\/wp-json\/wp\/v2\/comments?post=12415"}],"wp:featuredmedia":[{"embeddable":true,"href":"https:\/\/linoexpress.com\/lt\/wp-json\/wp\/v2\/media\/12416"}],"wp:attachment":[{"href":"https:\/\/linoexpress.com\/lt\/wp-json\/wp\/v2\/media?parent=12415"}],"wp:term":[{"taxonomy":"product_brand","embeddable":true,"href":"https:\/\/linoexpress.com\/lt\/wp-json\/wp\/v2\/product_brand?post=12415"},{"taxonomy":"product_cat","embeddable":true,"href":"https:\/\/linoexpress.com\/lt\/wp-json\/wp\/v2\/product_cat?post=12415"},{"taxonomy":"product_tag","embeddable":true,"href":"https:\/\/linoexpress.com\/lt\/wp-json\/wp\/v2\/product_tag?post=12415"}],"curies":[{"name":"wp","href":"https:\/\/api.w.org\/{rel}","templated":true}]}}