{"id":12437,"date":"2026-02-13T08:25:18","date_gmt":"2026-02-13T07:25:18","guid":{"rendered":"https:\/\/linoexpress.com\/lt\/proizvod\/shaver-product\/"},"modified":"2026-03-11T01:05:53","modified_gmt":"2026-03-11T00:05:53","slug":"mini-elektrinis-skustuvas-tiksliam-ir-greitam-skutimuisi","status":"publish","type":"product","link":"https:\/\/linoexpress.com\/lt\/proizvod\/mini-elektrinis-skustuvas-tiksliam-ir-greitam-skutimuisi\/","title":{"rendered":"Mini elektrinis skustuvas tiksliam ir greitam skutimuisi"},"content":{"rendered":"","protected":false},"excerpt":{"rendered":"<p>Mini elektrinis skustuvas leid\u017eia greitai, tvarkingai ir tolygiai nusiskusti be odos sudirginimo. D\u0117l galingo variklio ir tiksli\u0173 a\u0161men\u0173, jis lengvai pa\u0161alina plaukelius be tempimo. Idealiai tinka kasdieninei tvarkingos i\u0161vaizdos prie\u017ei\u016brai namuose ar keliaujant.<\/p>\n","protected":false},"featured_media":12438,"comment_status":"closed","ping_status":"closed","template":"","meta":{"inline_featured_image":false},"product_brand":[],"product_cat":[24,27,26,15],"product_tag":[],"class_list":{"0":"post-12437","1":"product","2":"type-product","3":"status-publish","4":"has-post-thumbnail","6":"product_cat-sale","7":"product_cat-home","8":"product_cat-health","9":"product_cat-uncategorized","11":"first","12":"instock","13":"sale","14":"taxable","15":"shipping-taxable","16":"purchasable","17":"product-type-simple"},"acf":[],"_links":{"self":[{"href":"https:\/\/linoexpress.com\/lt\/wp-json\/wp\/v2\/product\/12437","targetHints":{"allow":["GET"]}}],"collection":[{"href":"https:\/\/linoexpress.com\/lt\/wp-json\/wp\/v2\/product"}],"about":[{"href":"https:\/\/linoexpress.com\/lt\/wp-json\/wp\/v2\/types\/product"}],"replies":[{"embeddable":true,"href":"https:\/\/linoexpress.com\/lt\/wp-json\/wp\/v2\/comments?post=12437"}],"wp:featuredmedia":[{"embeddable":true,"href":"https:\/\/linoexpress.com\/lt\/wp-json\/wp\/v2\/media\/12438"}],"wp:attachment":[{"href":"https:\/\/linoexpress.com\/lt\/wp-json\/wp\/v2\/media?parent=12437"}],"wp:term":[{"taxonomy":"product_brand","embeddable":true,"href":"https:\/\/linoexpress.com\/lt\/wp-json\/wp\/v2\/product_brand?post=12437"},{"taxonomy":"product_cat","embeddable":true,"href":"https:\/\/linoexpress.com\/lt\/wp-json\/wp\/v2\/product_cat?post=12437"},{"taxonomy":"product_tag","embeddable":true,"href":"https:\/\/linoexpress.com\/lt\/wp-json\/wp\/v2\/product_tag?post=12437"}],"curies":[{"name":"wp","href":"https:\/\/api.w.org\/{rel}","templated":true}]}}