{"id":12496,"date":"2026-03-16T11:20:31","date_gmt":"2026-03-16T10:20:31","guid":{"rendered":"https:\/\/linoexpress.com\/lt\/proizvod\/catty-puppy-product\/"},"modified":"2026-03-16T11:46:03","modified_gmt":"2026-03-16T10:46:03","slug":"ismanusis-interaktyvus-augintinis-vaikams-suo-arba-kate","status":"publish","type":"product","link":"https:\/\/linoexpress.com\/lt\/proizvod\/ismanusis-interaktyvus-augintinis-vaikams-suo-arba-kate\/","title":{"rendered":"I\u0161manusis interaktyvus augintinis vaikams &#8211; \u0160uo arba Kat\u0117"},"content":{"rendered":"","protected":false},"excerpt":{"rendered":"<p>Interaktyvus pliu\u0161inis augintinis suteikia vaikams linksm\u0105 ir \u012fdom\u0173 \u017eaidim\u0105 per judesius ir garsus. Mink\u0161ta med\u017eiaga ir simpati\u0161kas dizainas daro j\u012f puikiu draugu kasdieniam bendravimui ir \u017eaidimams. Galima rinktis \u0161uns arba kat\u0117s variant\u0105, tod\u0117l kiekvienas vaikas gali pasirinkti savo m\u0117gstam\u0105 augintin\u012f.<\/p>\n","protected":false},"featured_media":12497,"comment_status":"closed","ping_status":"closed","template":"","meta":{"inline_featured_image":false},"product_brand":[],"product_cat":[28,24,27,15],"product_tag":[],"class_list":{"0":"post-12496","1":"product","2":"type-product","3":"status-publish","4":"has-post-thumbnail","6":"product_cat-beauty","7":"product_cat-sale","8":"product_cat-home","9":"product_cat-uncategorized","11":"first","12":"instock","13":"sale","14":"taxable","15":"shipping-taxable","16":"purchasable","17":"product-type-variable"},"acf":[],"_links":{"self":[{"href":"https:\/\/linoexpress.com\/lt\/wp-json\/wp\/v2\/product\/12496","targetHints":{"allow":["GET"]}}],"collection":[{"href":"https:\/\/linoexpress.com\/lt\/wp-json\/wp\/v2\/product"}],"about":[{"href":"https:\/\/linoexpress.com\/lt\/wp-json\/wp\/v2\/types\/product"}],"replies":[{"embeddable":true,"href":"https:\/\/linoexpress.com\/lt\/wp-json\/wp\/v2\/comments?post=12496"}],"wp:featuredmedia":[{"embeddable":true,"href":"https:\/\/linoexpress.com\/lt\/wp-json\/wp\/v2\/media\/12497"}],"wp:attachment":[{"href":"https:\/\/linoexpress.com\/lt\/wp-json\/wp\/v2\/media?parent=12496"}],"wp:term":[{"taxonomy":"product_brand","embeddable":true,"href":"https:\/\/linoexpress.com\/lt\/wp-json\/wp\/v2\/product_brand?post=12496"},{"taxonomy":"product_cat","embeddable":true,"href":"https:\/\/linoexpress.com\/lt\/wp-json\/wp\/v2\/product_cat?post=12496"},{"taxonomy":"product_tag","embeddable":true,"href":"https:\/\/linoexpress.com\/lt\/wp-json\/wp\/v2\/product_tag?post=12496"}],"curies":[{"name":"wp","href":"https:\/\/api.w.org\/{rel}","templated":true}]}}