{"id":12522,"date":"2026-03-27T09:28:02","date_gmt":"2026-03-27T08:28:02","guid":{"rendered":"https:\/\/linoexpress.com\/lt\/proizvod\/reflexpro-product\/"},"modified":"2026-04-06T12:58:59","modified_gmt":"2026-04-06T10:58:59","slug":"refleksinis-maisas-greiciui-ir-jegai-treniruoti","status":"publish","type":"product","link":"https:\/\/linoexpress.com\/lt\/proizvod\/refleksinis-maisas-greiciui-ir-jegai-treniruoti\/","title":{"rendered":"Refleksinis mai\u0161as grei\u010diui ir j\u0117gai treniruoti"},"content":{"rendered":"","protected":false},"excerpt":{"rendered":"<p>Pagerinkite savo refleksus, greit\u012f ir koordinacij\u0105 su inovatyvia refleksine mai\u0161u, sukurta maksimaliam na\u0161umui. D\u0117l stabilios vakuumin\u0117s baz\u0117s ir i\u0161manaus dizaino, ji leid\u017eia intensyviai treniruotis be jud\u0117jimo ir triuk\u0161mo. Idealiai tinka nam\u0173 naudojimui, sporto salei ir visiems vartotoj\u0173 lygiams, nuo pradedan\u010di\u0173j\u0173 iki profesional\u0173.<\/p>\n","protected":false},"featured_media":12523,"comment_status":"closed","ping_status":"closed","template":"","meta":{"inline_featured_image":false},"product_brand":[],"product_cat":[28,35,26,15],"product_tag":[],"class_list":{"0":"post-12522","1":"product","2":"type-product","3":"status-publish","4":"has-post-thumbnail","6":"product_cat-beauty","7":"product_cat-fun","8":"product_cat-health","9":"product_cat-uncategorized","11":"first","12":"instock","13":"sale","14":"taxable","15":"shipping-taxable","16":"purchasable","17":"product-type-simple"},"acf":[],"_links":{"self":[{"href":"https:\/\/linoexpress.com\/lt\/wp-json\/wp\/v2\/product\/12522","targetHints":{"allow":["GET"]}}],"collection":[{"href":"https:\/\/linoexpress.com\/lt\/wp-json\/wp\/v2\/product"}],"about":[{"href":"https:\/\/linoexpress.com\/lt\/wp-json\/wp\/v2\/types\/product"}],"replies":[{"embeddable":true,"href":"https:\/\/linoexpress.com\/lt\/wp-json\/wp\/v2\/comments?post=12522"}],"wp:featuredmedia":[{"embeddable":true,"href":"https:\/\/linoexpress.com\/lt\/wp-json\/wp\/v2\/media\/12523"}],"wp:attachment":[{"href":"https:\/\/linoexpress.com\/lt\/wp-json\/wp\/v2\/media?parent=12522"}],"wp:term":[{"taxonomy":"product_brand","embeddable":true,"href":"https:\/\/linoexpress.com\/lt\/wp-json\/wp\/v2\/product_brand?post=12522"},{"taxonomy":"product_cat","embeddable":true,"href":"https:\/\/linoexpress.com\/lt\/wp-json\/wp\/v2\/product_cat?post=12522"},{"taxonomy":"product_tag","embeddable":true,"href":"https:\/\/linoexpress.com\/lt\/wp-json\/wp\/v2\/product_tag?post=12522"}],"curies":[{"name":"wp","href":"https:\/\/api.w.org\/{rel}","templated":true}]}}