{"id":12550,"date":"2026-04-24T00:10:22","date_gmt":"2026-04-23T22:10:22","guid":{"rendered":"https:\/\/linoexpress.com\/lt\/proizvod\/magicshelf-product\/"},"modified":"2026-04-24T00:49:11","modified_gmt":"2026-04-23T22:49:11","slug":"diskretiska-saugos-lentyna","status":"publish","type":"product","link":"https:\/\/linoexpress.com\/lt\/proizvod\/diskretiska-saugos-lentyna\/","title":{"rendered":"Diskreti\u0161ka saugos lentyna"},"content":{"rendered":"","protected":false},"excerpt":{"rendered":"<p>Diskreti\u0161kai pasl\u0117pkite savo vertybes vietoje, kur j\u0173 niekas nesitiki \u2013 eleganti\u0161koje sienin\u0117je lentynoje. Praktikos ir saugumo derinys leid\u017eia jums organizuoti erdv\u0119 ir tuo pa\u010diu apsaugoti tai, kas jums svarbiausia. Modernus dizainas dera prie bet kokio interjero ir palieka prabangos bei protingo sprendimo \u012fsp\u016bd\u012f.<\/p>\n","protected":false},"featured_media":12551,"comment_status":"closed","ping_status":"closed","template":"","meta":{"inline_featured_image":false},"product_brand":[],"product_cat":[28,35,27,15],"product_tag":[],"class_list":{"0":"post-12550","1":"product","2":"type-product","3":"status-publish","4":"has-post-thumbnail","6":"product_cat-beauty","7":"product_cat-fun","8":"product_cat-home","9":"product_cat-uncategorized","11":"first","12":"instock","13":"sale","14":"taxable","15":"shipping-taxable","16":"purchasable","17":"product-type-simple"},"acf":[],"_links":{"self":[{"href":"https:\/\/linoexpress.com\/lt\/wp-json\/wp\/v2\/product\/12550","targetHints":{"allow":["GET"]}}],"collection":[{"href":"https:\/\/linoexpress.com\/lt\/wp-json\/wp\/v2\/product"}],"about":[{"href":"https:\/\/linoexpress.com\/lt\/wp-json\/wp\/v2\/types\/product"}],"replies":[{"embeddable":true,"href":"https:\/\/linoexpress.com\/lt\/wp-json\/wp\/v2\/comments?post=12550"}],"wp:featuredmedia":[{"embeddable":true,"href":"https:\/\/linoexpress.com\/lt\/wp-json\/wp\/v2\/media\/12551"}],"wp:attachment":[{"href":"https:\/\/linoexpress.com\/lt\/wp-json\/wp\/v2\/media?parent=12550"}],"wp:term":[{"taxonomy":"product_brand","embeddable":true,"href":"https:\/\/linoexpress.com\/lt\/wp-json\/wp\/v2\/product_brand?post=12550"},{"taxonomy":"product_cat","embeddable":true,"href":"https:\/\/linoexpress.com\/lt\/wp-json\/wp\/v2\/product_cat?post=12550"},{"taxonomy":"product_tag","embeddable":true,"href":"https:\/\/linoexpress.com\/lt\/wp-json\/wp\/v2\/product_tag?post=12550"}],"curies":[{"name":"wp","href":"https:\/\/api.w.org\/{rel}","templated":true}]}}