{"id":12567,"date":"2026-04-24T15:13:34","date_gmt":"2026-04-24T13:13:34","guid":{"rendered":"https:\/\/linoexpress.com\/lt\/proizvod\/vac60-product\/"},"modified":"2026-04-24T16:31:05","modified_gmt":"2026-04-24T14:31:05","slug":"rankinis-turbo-valiklis","status":"publish","type":"product","link":"https:\/\/linoexpress.com\/lt\/proizvod\/rankinis-turbo-valiklis\/","title":{"rendered":"Rankinis turbo valiklis"},"content":{"rendered":"","protected":false},"excerpt":{"rendered":"<p>Rankinis turbo valiklis u\u017etikrina galing\u0105 ir greit\u0105 valym\u0105 be laid\u0173 ir komplikacij\u0173. D\u0117l kompakti\u0161ko dizaino ir stipraus siurbimo lengvai pa\u0161alina dulkes ir ne\u0161varumus net i\u0161 sunkiausiai pasiekiam\u0173 viet\u0173. Idealiai tinka namams ir automobiliui &#8211; visada pasiruo\u0161\u0119s, kai jums reikia.<\/p>\n","protected":false},"featured_media":12568,"comment_status":"closed","ping_status":"closed","template":"","meta":{"inline_featured_image":false},"product_brand":[],"product_cat":[28,24,27,15],"product_tag":[],"class_list":{"0":"post-12567","1":"product","2":"type-product","3":"status-publish","4":"has-post-thumbnail","6":"product_cat-beauty","7":"product_cat-sale","8":"product_cat-home","9":"product_cat-uncategorized","11":"first","12":"instock","13":"sale","14":"taxable","15":"shipping-taxable","16":"purchasable","17":"product-type-simple"},"acf":[],"_links":{"self":[{"href":"https:\/\/linoexpress.com\/lt\/wp-json\/wp\/v2\/product\/12567","targetHints":{"allow":["GET"]}}],"collection":[{"href":"https:\/\/linoexpress.com\/lt\/wp-json\/wp\/v2\/product"}],"about":[{"href":"https:\/\/linoexpress.com\/lt\/wp-json\/wp\/v2\/types\/product"}],"replies":[{"embeddable":true,"href":"https:\/\/linoexpress.com\/lt\/wp-json\/wp\/v2\/comments?post=12567"}],"wp:featuredmedia":[{"embeddable":true,"href":"https:\/\/linoexpress.com\/lt\/wp-json\/wp\/v2\/media\/12568"}],"wp:attachment":[{"href":"https:\/\/linoexpress.com\/lt\/wp-json\/wp\/v2\/media?parent=12567"}],"wp:term":[{"taxonomy":"product_brand","embeddable":true,"href":"https:\/\/linoexpress.com\/lt\/wp-json\/wp\/v2\/product_brand?post=12567"},{"taxonomy":"product_cat","embeddable":true,"href":"https:\/\/linoexpress.com\/lt\/wp-json\/wp\/v2\/product_cat?post=12567"},{"taxonomy":"product_tag","embeddable":true,"href":"https:\/\/linoexpress.com\/lt\/wp-json\/wp\/v2\/product_tag?post=12567"}],"curies":[{"name":"wp","href":"https:\/\/api.w.org\/{rel}","templated":true}]}}