{"id":10864,"date":"2024-05-06T10:57:52","date_gmt":"2024-05-06T08:57:52","guid":{"rendered":"https:\/\/linoexpress.com\/lv\/?post_type=product&#038;p=10864"},"modified":"2024-05-06T11:10:34","modified_gmt":"2024-05-06T09:10:34","slug":"magnetiska-gramatina-lellu-sakartosanai","status":"publish","type":"product","link":"https:\/\/linoexpress.com\/lv\/proizvod\/magnetiska-gramatina-lellu-sakartosanai\/","title":{"rendered":"Magn\u0113tisk\u0101 gr\u0101mati\u0146a le\u013c\u013cu sak\u0101rto\u0161anai"},"content":{"rendered":"","protected":false},"excerpt":{"rendered":"<p>Ide\u0101la d\u0101vana meiten\u0113m! Ap\u0123\u0113rbu un modes kombin\u0101ciju salik\u0161ana nekad nav bijusi tik vienk\u0101r\u0161a un jautr\u0101ka!<\/p>\n","protected":false},"featured_media":10875,"comment_status":"closed","ping_status":"closed","template":"","meta":{"inline_featured_image":false},"product_brand":[],"product_cat":[35,15],"product_tag":[],"class_list":{"0":"post-10864","1":"product","2":"type-product","3":"status-publish","4":"has-post-thumbnail","6":"product_cat-fun","7":"product_cat-uncategorized","9":"first","10":"instock","11":"sale","12":"taxable","13":"shipping-taxable","14":"purchasable","15":"product-type-variable"},"acf":[],"_links":{"self":[{"href":"https:\/\/linoexpress.com\/lv\/wp-json\/wp\/v2\/product\/10864","targetHints":{"allow":["GET"]}}],"collection":[{"href":"https:\/\/linoexpress.com\/lv\/wp-json\/wp\/v2\/product"}],"about":[{"href":"https:\/\/linoexpress.com\/lv\/wp-json\/wp\/v2\/types\/product"}],"replies":[{"embeddable":true,"href":"https:\/\/linoexpress.com\/lv\/wp-json\/wp\/v2\/comments?post=10864"}],"wp:featuredmedia":[{"embeddable":true,"href":"https:\/\/linoexpress.com\/lv\/wp-json\/wp\/v2\/media\/10875"}],"wp:attachment":[{"href":"https:\/\/linoexpress.com\/lv\/wp-json\/wp\/v2\/media?parent=10864"}],"wp:term":[{"taxonomy":"product_brand","embeddable":true,"href":"https:\/\/linoexpress.com\/lv\/wp-json\/wp\/v2\/product_brand?post=10864"},{"taxonomy":"product_cat","embeddable":true,"href":"https:\/\/linoexpress.com\/lv\/wp-json\/wp\/v2\/product_cat?post=10864"},{"taxonomy":"product_tag","embeddable":true,"href":"https:\/\/linoexpress.com\/lv\/wp-json\/wp\/v2\/product_tag?post=10864"}],"curies":[{"name":"wp","href":"https:\/\/api.w.org\/{rel}","templated":true}]}}