{"id":10887,"date":"2024-05-07T09:50:48","date_gmt":"2024-05-07T07:50:48","guid":{"rendered":"https:\/\/linoexpress.com\/lv\/?post_type=product&#038;p=10887"},"modified":"2024-05-07T11:52:27","modified_gmt":"2024-05-07T09:52:27","slug":"puteklsucejs-un-sterilizators","status":"publish","type":"product","link":"https:\/\/linoexpress.com\/lv\/proizvod\/puteklsucejs-un-sterilizators\/","title":{"rendered":"Putek\u013cs\u016bc\u0113js un sterilizators"},"content":{"rendered":"","protected":false},"excerpt":{"rendered":"<p>UV sterilizators un putek\u013cu un \u0113r\u010du t\u012br\u012b\u0161anas l\u012bdzeklis garant\u0113 jums svaigu un dro\u0161u vidi. Palutiniet sevi ar optim\u0101li t\u012bru m\u0101ju!<\/p>\n","protected":false},"featured_media":10896,"comment_status":"closed","ping_status":"closed","template":"","meta":{"inline_featured_image":false},"product_brand":[],"product_cat":[27,15],"product_tag":[],"class_list":{"0":"post-10887","1":"product","2":"type-product","3":"status-publish","4":"has-post-thumbnail","6":"product_cat-home","7":"product_cat-uncategorized","9":"first","10":"instock","11":"sale","12":"taxable","13":"shipping-taxable","14":"purchasable","15":"product-type-simple"},"acf":[],"_links":{"self":[{"href":"https:\/\/linoexpress.com\/lv\/wp-json\/wp\/v2\/product\/10887","targetHints":{"allow":["GET"]}}],"collection":[{"href":"https:\/\/linoexpress.com\/lv\/wp-json\/wp\/v2\/product"}],"about":[{"href":"https:\/\/linoexpress.com\/lv\/wp-json\/wp\/v2\/types\/product"}],"replies":[{"embeddable":true,"href":"https:\/\/linoexpress.com\/lv\/wp-json\/wp\/v2\/comments?post=10887"}],"wp:featuredmedia":[{"embeddable":true,"href":"https:\/\/linoexpress.com\/lv\/wp-json\/wp\/v2\/media\/10896"}],"wp:attachment":[{"href":"https:\/\/linoexpress.com\/lv\/wp-json\/wp\/v2\/media?parent=10887"}],"wp:term":[{"taxonomy":"product_brand","embeddable":true,"href":"https:\/\/linoexpress.com\/lv\/wp-json\/wp\/v2\/product_brand?post=10887"},{"taxonomy":"product_cat","embeddable":true,"href":"https:\/\/linoexpress.com\/lv\/wp-json\/wp\/v2\/product_cat?post=10887"},{"taxonomy":"product_tag","embeddable":true,"href":"https:\/\/linoexpress.com\/lv\/wp-json\/wp\/v2\/product_tag?post=10887"}],"curies":[{"name":"wp","href":"https:\/\/api.w.org\/{rel}","templated":true}]}}