{"id":10930,"date":"2024-05-27T11:34:11","date_gmt":"2024-05-27T09:34:11","guid":{"rendered":"https:\/\/linoexpress.com\/lv\/?post_type=product&#038;p=10930"},"modified":"2024-08-20T11:32:25","modified_gmt":"2024-08-20T09:32:25","slug":"krajbanka","status":"publish","type":"product","link":"https:\/\/linoexpress.com\/lv\/proizvod\/krajbanka\/","title":{"rendered":"Kr\u0101jbanka"},"content":{"rendered":"","protected":false},"excerpt":{"rendered":"<p>Ar \u0161o praktisko ietaup\u012bjumu pl\u0101nu lodzi\u0146u j\u016bs vienk\u0101r\u0161i un viegli aizved\u012bsit uz j\u016bsu m\u0113r\u0137i. Ietaupi naudu bez stresa un jautr\u0101 veid\u0101!<\/p>\n","protected":false},"featured_media":10935,"comment_status":"closed","ping_status":"closed","template":"","meta":{"inline_featured_image":false},"product_brand":[],"product_cat":[35,15],"product_tag":[],"class_list":{"0":"post-10930","1":"product","2":"type-product","3":"status-publish","4":"has-post-thumbnail","6":"product_cat-fun","7":"product_cat-uncategorized","9":"first","10":"instock","11":"sale","12":"taxable","13":"shipping-taxable","14":"purchasable","15":"product-type-variable"},"acf":[],"_links":{"self":[{"href":"https:\/\/linoexpress.com\/lv\/wp-json\/wp\/v2\/product\/10930","targetHints":{"allow":["GET"]}}],"collection":[{"href":"https:\/\/linoexpress.com\/lv\/wp-json\/wp\/v2\/product"}],"about":[{"href":"https:\/\/linoexpress.com\/lv\/wp-json\/wp\/v2\/types\/product"}],"replies":[{"embeddable":true,"href":"https:\/\/linoexpress.com\/lv\/wp-json\/wp\/v2\/comments?post=10930"}],"wp:featuredmedia":[{"embeddable":true,"href":"https:\/\/linoexpress.com\/lv\/wp-json\/wp\/v2\/media\/10935"}],"wp:attachment":[{"href":"https:\/\/linoexpress.com\/lv\/wp-json\/wp\/v2\/media?parent=10930"}],"wp:term":[{"taxonomy":"product_brand","embeddable":true,"href":"https:\/\/linoexpress.com\/lv\/wp-json\/wp\/v2\/product_brand?post=10930"},{"taxonomy":"product_cat","embeddable":true,"href":"https:\/\/linoexpress.com\/lv\/wp-json\/wp\/v2\/product_cat?post=10930"},{"taxonomy":"product_tag","embeddable":true,"href":"https:\/\/linoexpress.com\/lv\/wp-json\/wp\/v2\/product_tag?post=10930"}],"curies":[{"name":"wp","href":"https:\/\/api.w.org\/{rel}","templated":true}]}}