{"id":10938,"date":"2024-05-28T09:09:08","date_gmt":"2024-05-28T07:09:08","guid":{"rendered":"https:\/\/linoexpress.com\/lv\/?post_type=product&#038;p=10938"},"modified":"2024-06-06T15:11:44","modified_gmt":"2024-06-06T13:11:44","slug":"regulejams-zaru-zagis","status":"publish","type":"product","link":"https:\/\/linoexpress.com\/lv\/proizvod\/regulejams-zaru-zagis\/","title":{"rendered":"Regul\u0113jams zaru z\u0101\u0123is"},"content":{"rendered":"","protected":false},"excerpt":{"rendered":"<p>\u0160o praktisko z\u0101\u0123i var saloc\u012bt vai pagarin\u0101t atkar\u012bb\u0101 no grie\u0161anas nepiecie\u0161am\u012bbas. Piel\u0101gojiet to konkr\u0113tajam darbam, ko veicat, un sasniedziet optim\u0101lus darba rezult\u0101tus.<\/p>\n","protected":false},"featured_media":10947,"comment_status":"closed","ping_status":"closed","template":"","meta":{"inline_featured_image":false},"product_brand":[],"product_cat":[27,15],"product_tag":[],"class_list":{"0":"post-10938","1":"product","2":"type-product","3":"status-publish","4":"has-post-thumbnail","6":"product_cat-home","7":"product_cat-uncategorized","9":"first","10":"instock","11":"sale","12":"taxable","13":"shipping-taxable","14":"purchasable","15":"product-type-simple"},"acf":[],"_links":{"self":[{"href":"https:\/\/linoexpress.com\/lv\/wp-json\/wp\/v2\/product\/10938","targetHints":{"allow":["GET"]}}],"collection":[{"href":"https:\/\/linoexpress.com\/lv\/wp-json\/wp\/v2\/product"}],"about":[{"href":"https:\/\/linoexpress.com\/lv\/wp-json\/wp\/v2\/types\/product"}],"replies":[{"embeddable":true,"href":"https:\/\/linoexpress.com\/lv\/wp-json\/wp\/v2\/comments?post=10938"}],"wp:featuredmedia":[{"embeddable":true,"href":"https:\/\/linoexpress.com\/lv\/wp-json\/wp\/v2\/media\/10947"}],"wp:attachment":[{"href":"https:\/\/linoexpress.com\/lv\/wp-json\/wp\/v2\/media?parent=10938"}],"wp:term":[{"taxonomy":"product_brand","embeddable":true,"href":"https:\/\/linoexpress.com\/lv\/wp-json\/wp\/v2\/product_brand?post=10938"},{"taxonomy":"product_cat","embeddable":true,"href":"https:\/\/linoexpress.com\/lv\/wp-json\/wp\/v2\/product_cat?post=10938"},{"taxonomy":"product_tag","embeddable":true,"href":"https:\/\/linoexpress.com\/lv\/wp-json\/wp\/v2\/product_tag?post=10938"}],"curies":[{"name":"wp","href":"https:\/\/api.w.org\/{rel}","templated":true}]}}