{"id":10953,"date":"2024-05-28T12:08:47","date_gmt":"2024-05-28T10:08:47","guid":{"rendered":"https:\/\/linoexpress.com\/lv\/?post_type=product&#038;p=10953"},"modified":"2024-11-19T16:37:45","modified_gmt":"2024-11-19T15:37:45","slug":"montessori-magnetiska-spele-matematikas-apguvei","status":"publish","type":"product","link":"https:\/\/linoexpress.com\/lv\/proizvod\/montessori-magnetiska-spele-matematikas-apguvei\/","title":{"rendered":"Montessori magn\u0113tisk\u0101 sp\u0113le matem\u0101tikas apguvei"},"content":{"rendered":"","protected":false},"excerpt":{"rendered":"<p>Inovat\u012bva pieeja matem\u0101tisko darb\u012bbu m\u0101c\u012b\u0161anai. M\u0101ciet b\u0113rniem matem\u0101tiku caur rota\u013c\u0101m un vizu\u0101liem att\u0113lojumiem!<\/p>\n","protected":false},"featured_media":10956,"comment_status":"closed","ping_status":"closed","template":"","meta":{"inline_featured_image":false},"product_brand":[],"product_cat":[35,15],"product_tag":[],"class_list":{"0":"post-10953","1":"product","2":"type-product","3":"status-publish","4":"has-post-thumbnail","6":"product_cat-fun","7":"product_cat-uncategorized","9":"first","10":"instock","11":"sale","12":"taxable","13":"shipping-taxable","14":"purchasable","15":"product-type-simple"},"acf":[],"_links":{"self":[{"href":"https:\/\/linoexpress.com\/lv\/wp-json\/wp\/v2\/product\/10953","targetHints":{"allow":["GET"]}}],"collection":[{"href":"https:\/\/linoexpress.com\/lv\/wp-json\/wp\/v2\/product"}],"about":[{"href":"https:\/\/linoexpress.com\/lv\/wp-json\/wp\/v2\/types\/product"}],"replies":[{"embeddable":true,"href":"https:\/\/linoexpress.com\/lv\/wp-json\/wp\/v2\/comments?post=10953"}],"wp:featuredmedia":[{"embeddable":true,"href":"https:\/\/linoexpress.com\/lv\/wp-json\/wp\/v2\/media\/10956"}],"wp:attachment":[{"href":"https:\/\/linoexpress.com\/lv\/wp-json\/wp\/v2\/media?parent=10953"}],"wp:term":[{"taxonomy":"product_brand","embeddable":true,"href":"https:\/\/linoexpress.com\/lv\/wp-json\/wp\/v2\/product_brand?post=10953"},{"taxonomy":"product_cat","embeddable":true,"href":"https:\/\/linoexpress.com\/lv\/wp-json\/wp\/v2\/product_cat?post=10953"},{"taxonomy":"product_tag","embeddable":true,"href":"https:\/\/linoexpress.com\/lv\/wp-json\/wp\/v2\/product_tag?post=10953"}],"curies":[{"name":"wp","href":"https:\/\/api.w.org\/{rel}","templated":true}]}}