{"id":10959,"date":"2024-05-28T15:17:23","date_gmt":"2024-05-28T13:17:23","guid":{"rendered":"https:\/\/linoexpress.com\/lv\/?post_type=product&#038;p=10959"},"modified":"2024-09-09T15:14:37","modified_gmt":"2024-09-09T13:14:37","slug":"klusais-basketbols","status":"publish","type":"product","link":"https:\/\/linoexpress.com\/lv\/proizvod\/klusais-basketbols\/","title":{"rendered":"Klusais basketbols"},"content":{"rendered":"","protected":false},"excerpt":{"rendered":"<p>Klusa bumba sp\u0113l\u0113\u0161anai dz\u012bvokl\u012b vai m\u0101j\u0101 ir ide\u0101li piem\u0113rota daudz\u0101m izklaid\u0113m, neradot lielu troksni!<\/p>\n","protected":false},"featured_media":10962,"comment_status":"closed","ping_status":"closed","template":"","meta":{"inline_featured_image":false},"product_brand":[],"product_cat":[35,15],"product_tag":[],"class_list":{"0":"post-10959","1":"product","2":"type-product","3":"status-publish","4":"has-post-thumbnail","6":"product_cat-fun","7":"product_cat-uncategorized","9":"first","10":"instock","11":"sale","12":"taxable","13":"shipping-taxable","14":"purchasable","15":"product-type-simple"},"acf":[],"_links":{"self":[{"href":"https:\/\/linoexpress.com\/lv\/wp-json\/wp\/v2\/product\/10959","targetHints":{"allow":["GET"]}}],"collection":[{"href":"https:\/\/linoexpress.com\/lv\/wp-json\/wp\/v2\/product"}],"about":[{"href":"https:\/\/linoexpress.com\/lv\/wp-json\/wp\/v2\/types\/product"}],"replies":[{"embeddable":true,"href":"https:\/\/linoexpress.com\/lv\/wp-json\/wp\/v2\/comments?post=10959"}],"wp:featuredmedia":[{"embeddable":true,"href":"https:\/\/linoexpress.com\/lv\/wp-json\/wp\/v2\/media\/10962"}],"wp:attachment":[{"href":"https:\/\/linoexpress.com\/lv\/wp-json\/wp\/v2\/media?parent=10959"}],"wp:term":[{"taxonomy":"product_brand","embeddable":true,"href":"https:\/\/linoexpress.com\/lv\/wp-json\/wp\/v2\/product_brand?post=10959"},{"taxonomy":"product_cat","embeddable":true,"href":"https:\/\/linoexpress.com\/lv\/wp-json\/wp\/v2\/product_cat?post=10959"},{"taxonomy":"product_tag","embeddable":true,"href":"https:\/\/linoexpress.com\/lv\/wp-json\/wp\/v2\/product_tag?post=10959"}],"curies":[{"name":"wp","href":"https:\/\/api.w.org\/{rel}","templated":true}]}}