{"id":10964,"date":"2024-05-29T09:13:44","date_gmt":"2024-05-29T07:13:44","guid":{"rendered":"https:\/\/linoexpress.com\/lv\/?post_type=product&#038;p=10964"},"modified":"2024-09-09T15:01:27","modified_gmt":"2024-09-09T13:01:27","slug":"lokotajs-vilnu-veidosanai","status":"publish","type":"product","link":"https:\/\/linoexpress.com\/lv\/proizvod\/lokotajs-vilnu-veidosanai\/","title":{"rendered":"Lokot\u0101js vi\u013c\u0146u veido\u0161anai"},"content":{"rendered":"","protected":false},"excerpt":{"rendered":"<p>Veidojiet savus matus ar \u0161o paroc\u012bgo ru\u013c\u013cu, lai rad\u012btu skaistus vi\u013c\u0146us ar da\u017eiem vienk\u0101r\u0161iem sitieniem!<\/p>\n","protected":false},"featured_media":10974,"comment_status":"closed","ping_status":"closed","template":"","meta":{"inline_featured_image":false},"product_brand":[],"product_cat":[28,15],"product_tag":[],"class_list":{"0":"post-10964","1":"product","2":"type-product","3":"status-publish","4":"has-post-thumbnail","6":"product_cat-beauty","7":"product_cat-uncategorized","9":"first","10":"instock","11":"sale","12":"taxable","13":"shipping-taxable","14":"purchasable","15":"product-type-simple"},"acf":[],"_links":{"self":[{"href":"https:\/\/linoexpress.com\/lv\/wp-json\/wp\/v2\/product\/10964","targetHints":{"allow":["GET"]}}],"collection":[{"href":"https:\/\/linoexpress.com\/lv\/wp-json\/wp\/v2\/product"}],"about":[{"href":"https:\/\/linoexpress.com\/lv\/wp-json\/wp\/v2\/types\/product"}],"replies":[{"embeddable":true,"href":"https:\/\/linoexpress.com\/lv\/wp-json\/wp\/v2\/comments?post=10964"}],"wp:featuredmedia":[{"embeddable":true,"href":"https:\/\/linoexpress.com\/lv\/wp-json\/wp\/v2\/media\/10974"}],"wp:attachment":[{"href":"https:\/\/linoexpress.com\/lv\/wp-json\/wp\/v2\/media?parent=10964"}],"wp:term":[{"taxonomy":"product_brand","embeddable":true,"href":"https:\/\/linoexpress.com\/lv\/wp-json\/wp\/v2\/product_brand?post=10964"},{"taxonomy":"product_cat","embeddable":true,"href":"https:\/\/linoexpress.com\/lv\/wp-json\/wp\/v2\/product_cat?post=10964"},{"taxonomy":"product_tag","embeddable":true,"href":"https:\/\/linoexpress.com\/lv\/wp-json\/wp\/v2\/product_tag?post=10964"}],"curies":[{"name":"wp","href":"https:\/\/api.w.org\/{rel}","templated":true}]}}