{"id":10992,"date":"2024-06-07T14:11:49","date_gmt":"2024-06-07T12:11:49","guid":{"rendered":"https:\/\/linoexpress.com\/lv\/?post_type=product&#038;p=10992"},"modified":"2024-08-20T12:27:09","modified_gmt":"2024-08-20T10:27:09","slug":"drift-rc-automasina","status":"publish","type":"product","link":"https:\/\/linoexpress.com\/lv\/proizvod\/drift-rc-automasina\/","title":{"rendered":"Drifta auto ar t\u0101lvad\u012bbas pulti"},"content":{"rendered":"","protected":false},"excerpt":{"rendered":"<p>P\u0101rv\u0113rtiet savu m\u0101ju par rota\u013cu automa\u0161\u012bnu drifta trasi. Neparastais sp\u0113les veids saglab\u0101s j\u016bsu uzman\u012bbu uz ilgu laiku un sniegs neaizmirstamu jautr\u012bbu!<\/p>\n","protected":false},"featured_media":10994,"comment_status":"closed","ping_status":"closed","template":"","meta":{"inline_featured_image":false},"product_brand":[],"product_cat":[35,15],"product_tag":[],"class_list":{"0":"post-10992","1":"product","2":"type-product","3":"status-publish","4":"has-post-thumbnail","6":"product_cat-fun","7":"product_cat-uncategorized","9":"first","10":"instock","11":"sale","12":"taxable","13":"shipping-taxable","14":"purchasable","15":"product-type-simple"},"acf":[],"_links":{"self":[{"href":"https:\/\/linoexpress.com\/lv\/wp-json\/wp\/v2\/product\/10992","targetHints":{"allow":["GET"]}}],"collection":[{"href":"https:\/\/linoexpress.com\/lv\/wp-json\/wp\/v2\/product"}],"about":[{"href":"https:\/\/linoexpress.com\/lv\/wp-json\/wp\/v2\/types\/product"}],"replies":[{"embeddable":true,"href":"https:\/\/linoexpress.com\/lv\/wp-json\/wp\/v2\/comments?post=10992"}],"wp:featuredmedia":[{"embeddable":true,"href":"https:\/\/linoexpress.com\/lv\/wp-json\/wp\/v2\/media\/10994"}],"wp:attachment":[{"href":"https:\/\/linoexpress.com\/lv\/wp-json\/wp\/v2\/media?parent=10992"}],"wp:term":[{"taxonomy":"product_brand","embeddable":true,"href":"https:\/\/linoexpress.com\/lv\/wp-json\/wp\/v2\/product_brand?post=10992"},{"taxonomy":"product_cat","embeddable":true,"href":"https:\/\/linoexpress.com\/lv\/wp-json\/wp\/v2\/product_cat?post=10992"},{"taxonomy":"product_tag","embeddable":true,"href":"https:\/\/linoexpress.com\/lv\/wp-json\/wp\/v2\/product_tag?post=10992"}],"curies":[{"name":"wp","href":"https:\/\/api.w.org\/{rel}","templated":true}]}}