{"id":11009,"date":"2024-06-07T14:52:20","date_gmt":"2024-06-07T12:52:20","guid":{"rendered":"https:\/\/linoexpress.com\/lv\/?post_type=product&#038;p=11009"},"modified":"2024-06-07T15:02:02","modified_gmt":"2024-06-07T13:02:02","slug":"vasaras-pushup-krusturis-bez-lencem","status":"publish","type":"product","link":"https:\/\/linoexpress.com\/lv\/proizvod\/vasaras-pushup-krusturis-bez-lencem\/","title":{"rendered":"Vasaras pushup kr\u016b\u0161turis bez lenc\u0113m"},"content":{"rendered":"","protected":false},"excerpt":{"rendered":"<p>Paceliet kr\u016btis, lai ieg\u016btu iespaid\u012bgu izskatu ar dzi\u013c\u0101ku kakla izgriezumu katram gad\u012bjumam un kombin\u0101cijai.\u0160is PusUp kr\u016b\u0161turis bez lenc\u012bt\u0113m paliks pasl\u0113pts zem jebkura ap\u0123\u0113rba.<\/p>\n<p>AB &#8211; piem\u0113rots A\/B grozam<br \/>\nCD &#8211; piem\u0113rots C\/D grozam<br \/>\nEF &#8211; piem\u0113rots E\/F grozam<\/p>\n","protected":false},"featured_media":3927,"comment_status":"closed","ping_status":"closed","template":"","meta":{"inline_featured_image":false},"product_brand":[],"product_cat":[28,15],"product_tag":[],"class_list":{"0":"post-11009","1":"product","2":"type-product","3":"status-publish","4":"has-post-thumbnail","6":"product_cat-beauty","7":"product_cat-uncategorized","9":"first","10":"instock","11":"sale","12":"taxable","13":"shipping-taxable","14":"purchasable","15":"product-type-variable"},"acf":[],"_links":{"self":[{"href":"https:\/\/linoexpress.com\/lv\/wp-json\/wp\/v2\/product\/11009","targetHints":{"allow":["GET"]}}],"collection":[{"href":"https:\/\/linoexpress.com\/lv\/wp-json\/wp\/v2\/product"}],"about":[{"href":"https:\/\/linoexpress.com\/lv\/wp-json\/wp\/v2\/types\/product"}],"replies":[{"embeddable":true,"href":"https:\/\/linoexpress.com\/lv\/wp-json\/wp\/v2\/comments?post=11009"}],"wp:featuredmedia":[{"embeddable":true,"href":"https:\/\/linoexpress.com\/lv\/wp-json\/wp\/v2\/media\/3927"}],"wp:attachment":[{"href":"https:\/\/linoexpress.com\/lv\/wp-json\/wp\/v2\/media?parent=11009"}],"wp:term":[{"taxonomy":"product_brand","embeddable":true,"href":"https:\/\/linoexpress.com\/lv\/wp-json\/wp\/v2\/product_brand?post=11009"},{"taxonomy":"product_cat","embeddable":true,"href":"https:\/\/linoexpress.com\/lv\/wp-json\/wp\/v2\/product_cat?post=11009"},{"taxonomy":"product_tag","embeddable":true,"href":"https:\/\/linoexpress.com\/lv\/wp-json\/wp\/v2\/product_tag?post=11009"}],"curies":[{"name":"wp","href":"https:\/\/api.w.org\/{rel}","templated":true}]}}