{"id":11172,"date":"2024-09-02T12:47:23","date_gmt":"2024-09-02T10:47:23","guid":{"rendered":"https:\/\/linoexpress.com\/lv\/?post_type=product&#038;p=11172"},"modified":"2024-09-02T13:05:31","modified_gmt":"2024-09-02T11:05:31","slug":"daudzfunkcionals-trenazieris","status":"publish","type":"product","link":"https:\/\/linoexpress.com\/lv\/proizvod\/daudzfunkcionals-trenazieris\/","title":{"rendered":"Daudzfunkcion\u0101ls trena\u017eieris"},"content":{"rendered":"","protected":false},"excerpt":{"rendered":"<p><span style=\"vertical-align: inherit\"><span style=\"vertical-align: inherit\">PIde\u0101la ier\u012bce visu musku\u013cu nostiprin\u0101\u0161anai un sasprindzin\u0101\u0161anai! Pievelciet un nostipriniet muguru, plecus, rokas, kr\u016btis, tricepsu un v\u0113deru, ieskaitot g\u016b\u017eas saliec\u0113jus. Ieg\u016bstiet lab\u0101ko formu ar vienu ier\u012bci!<\/span><\/span><\/p>\n","protected":false},"featured_media":11184,"comment_status":"closed","ping_status":"closed","template":"","meta":{"inline_featured_image":false},"product_brand":[],"product_cat":[28,15,26],"product_tag":[],"class_list":{"0":"post-11172","1":"product","2":"type-product","3":"status-publish","4":"has-post-thumbnail","6":"product_cat-beauty","7":"product_cat-uncategorized","8":"product_cat-health","10":"first","11":"instock","12":"sale","13":"taxable","14":"shipping-taxable","15":"purchasable","16":"product-type-simple"},"acf":[],"_links":{"self":[{"href":"https:\/\/linoexpress.com\/lv\/wp-json\/wp\/v2\/product\/11172","targetHints":{"allow":["GET"]}}],"collection":[{"href":"https:\/\/linoexpress.com\/lv\/wp-json\/wp\/v2\/product"}],"about":[{"href":"https:\/\/linoexpress.com\/lv\/wp-json\/wp\/v2\/types\/product"}],"replies":[{"embeddable":true,"href":"https:\/\/linoexpress.com\/lv\/wp-json\/wp\/v2\/comments?post=11172"}],"wp:featuredmedia":[{"embeddable":true,"href":"https:\/\/linoexpress.com\/lv\/wp-json\/wp\/v2\/media\/11184"}],"wp:attachment":[{"href":"https:\/\/linoexpress.com\/lv\/wp-json\/wp\/v2\/media?parent=11172"}],"wp:term":[{"taxonomy":"product_brand","embeddable":true,"href":"https:\/\/linoexpress.com\/lv\/wp-json\/wp\/v2\/product_brand?post=11172"},{"taxonomy":"product_cat","embeddable":true,"href":"https:\/\/linoexpress.com\/lv\/wp-json\/wp\/v2\/product_cat?post=11172"},{"taxonomy":"product_tag","embeddable":true,"href":"https:\/\/linoexpress.com\/lv\/wp-json\/wp\/v2\/product_tag?post=11172"}],"curies":[{"name":"wp","href":"https:\/\/api.w.org\/{rel}","templated":true}]}}