{"id":11211,"date":"2024-09-10T09:11:29","date_gmt":"2024-09-10T07:11:29","guid":{"rendered":"https:\/\/linoexpress.com\/lv\/?post_type=product&#038;p=11211"},"modified":"2025-07-24T14:25:46","modified_gmt":"2025-07-24T12:25:46","slug":"specigs-magnetizatora-dezaktivators","status":"publish","type":"product","link":"https:\/\/linoexpress.com\/lv\/proizvod\/specigs-magnetizatora-dezaktivators\/","title":{"rendered":"Sp\u0113c\u012bgs magnetizatora dezaktivators"},"content":{"rendered":"","protected":false},"excerpt":{"rendered":"<p>\u0160is deaktyvatorius ne tik pa\u0161alina \u017eymes nuo drabu\u017ei\u0173, bet ir taupo j\u016bs\u0173 laik\u0105 ir pinigus!<\/p>\n","protected":false},"featured_media":11213,"comment_status":"closed","ping_status":"closed","template":"","meta":{"inline_featured_image":false},"product_brand":[],"product_cat":[27,15],"product_tag":[],"class_list":{"0":"post-11211","1":"product","2":"type-product","3":"status-publish","4":"has-post-thumbnail","6":"product_cat-home","7":"product_cat-uncategorized","9":"first","10":"instock","11":"sale","12":"taxable","13":"shipping-taxable","14":"purchasable","15":"product-type-simple"},"acf":[],"_links":{"self":[{"href":"https:\/\/linoexpress.com\/lv\/wp-json\/wp\/v2\/product\/11211","targetHints":{"allow":["GET"]}}],"collection":[{"href":"https:\/\/linoexpress.com\/lv\/wp-json\/wp\/v2\/product"}],"about":[{"href":"https:\/\/linoexpress.com\/lv\/wp-json\/wp\/v2\/types\/product"}],"replies":[{"embeddable":true,"href":"https:\/\/linoexpress.com\/lv\/wp-json\/wp\/v2\/comments?post=11211"}],"wp:featuredmedia":[{"embeddable":true,"href":"https:\/\/linoexpress.com\/lv\/wp-json\/wp\/v2\/media\/11213"}],"wp:attachment":[{"href":"https:\/\/linoexpress.com\/lv\/wp-json\/wp\/v2\/media?parent=11211"}],"wp:term":[{"taxonomy":"product_brand","embeddable":true,"href":"https:\/\/linoexpress.com\/lv\/wp-json\/wp\/v2\/product_brand?post=11211"},{"taxonomy":"product_cat","embeddable":true,"href":"https:\/\/linoexpress.com\/lv\/wp-json\/wp\/v2\/product_cat?post=11211"},{"taxonomy":"product_tag","embeddable":true,"href":"https:\/\/linoexpress.com\/lv\/wp-json\/wp\/v2\/product_tag?post=11211"}],"curies":[{"name":"wp","href":"https:\/\/api.w.org\/{rel}","templated":true}]}}