{"id":11284,"date":"2024-10-28T09:11:17","date_gmt":"2024-10-28T08:11:17","guid":{"rendered":"https:\/\/linoexpress.com\/lv\/?post_type=product&#038;p=11284"},"modified":"2024-11-04T09:21:46","modified_gmt":"2024-11-04T08:21:46","slug":"komplekts-tamboresanas-un-adisanas-apguvei","status":"publish","type":"product","link":"https:\/\/linoexpress.com\/lv\/proizvod\/komplekts-tamboresanas-un-adisanas-apguvei\/","title":{"rendered":"Komplekts tambor\u0113\u0161anas un ad\u012b\u0161anas apguvei"},"content":{"rendered":"","protected":false},"excerpt":{"rendered":"<p>Moderniz\u0113tais ad\u012b\u0161anas veids iepriecin\u0101s visus \u0161\u012b hobija cien\u012bt\u0101jus, k\u0101 ar\u012b tos, kuri tikai v\u0113las par t\u0101du k\u013c\u016bt!<\/p>\n","protected":false},"featured_media":11285,"comment_status":"closed","ping_status":"closed","template":"","meta":{"inline_featured_image":false},"product_brand":[],"product_cat":[35,15],"product_tag":[],"class_list":{"0":"post-11284","1":"product","2":"type-product","3":"status-publish","4":"has-post-thumbnail","6":"product_cat-fun","7":"product_cat-uncategorized","9":"first","10":"instock","11":"sale","12":"taxable","13":"shipping-taxable","14":"purchasable","15":"product-type-simple"},"acf":[],"_links":{"self":[{"href":"https:\/\/linoexpress.com\/lv\/wp-json\/wp\/v2\/product\/11284","targetHints":{"allow":["GET"]}}],"collection":[{"href":"https:\/\/linoexpress.com\/lv\/wp-json\/wp\/v2\/product"}],"about":[{"href":"https:\/\/linoexpress.com\/lv\/wp-json\/wp\/v2\/types\/product"}],"replies":[{"embeddable":true,"href":"https:\/\/linoexpress.com\/lv\/wp-json\/wp\/v2\/comments?post=11284"}],"wp:featuredmedia":[{"embeddable":true,"href":"https:\/\/linoexpress.com\/lv\/wp-json\/wp\/v2\/media\/11285"}],"wp:attachment":[{"href":"https:\/\/linoexpress.com\/lv\/wp-json\/wp\/v2\/media?parent=11284"}],"wp:term":[{"taxonomy":"product_brand","embeddable":true,"href":"https:\/\/linoexpress.com\/lv\/wp-json\/wp\/v2\/product_brand?post=11284"},{"taxonomy":"product_cat","embeddable":true,"href":"https:\/\/linoexpress.com\/lv\/wp-json\/wp\/v2\/product_cat?post=11284"},{"taxonomy":"product_tag","embeddable":true,"href":"https:\/\/linoexpress.com\/lv\/wp-json\/wp\/v2\/product_tag?post=11284"}],"curies":[{"name":"wp","href":"https:\/\/api.w.org\/{rel}","templated":true}]}}