{"id":11290,"date":"2024-10-28T10:22:38","date_gmt":"2024-10-28T09:22:38","guid":{"rendered":"https:\/\/linoexpress.com\/lv\/?post_type=product&#038;p=11290"},"modified":"2024-12-01T17:33:37","modified_gmt":"2024-12-01T16:33:37","slug":"adventes-kalendars-gramatu-cienitajiem","status":"publish","type":"product","link":"https:\/\/linoexpress.com\/lv\/proizvod\/adventes-kalendars-gramatu-cienitajiem\/","title":{"rendered":"Ziemassv\u0113tku kalend\u0101rs ar d\u0101van\u0101m"},"content":{"rendered":"","protected":false},"excerpt":{"rendered":"<p>Paspilgtiniet pirmssv\u0113tku dienas ar \u0161o br\u012bni\u0161\u0137\u012bgo Adventes kalend\u0101ru un p\u0101rsteigumiem, ko tas jums sag\u0101d\u0101jis!<\/p>\n","protected":false},"featured_media":11294,"comment_status":"closed","ping_status":"closed","template":"","meta":{"inline_featured_image":false},"product_brand":[],"product_cat":[35,15],"product_tag":[],"class_list":{"0":"post-11290","1":"product","2":"type-product","3":"status-publish","4":"has-post-thumbnail","6":"product_cat-fun","7":"product_cat-uncategorized","9":"first","10":"instock","11":"sale","12":"taxable","13":"shipping-taxable","14":"purchasable","15":"product-type-simple"},"acf":[],"_links":{"self":[{"href":"https:\/\/linoexpress.com\/lv\/wp-json\/wp\/v2\/product\/11290","targetHints":{"allow":["GET"]}}],"collection":[{"href":"https:\/\/linoexpress.com\/lv\/wp-json\/wp\/v2\/product"}],"about":[{"href":"https:\/\/linoexpress.com\/lv\/wp-json\/wp\/v2\/types\/product"}],"replies":[{"embeddable":true,"href":"https:\/\/linoexpress.com\/lv\/wp-json\/wp\/v2\/comments?post=11290"}],"wp:featuredmedia":[{"embeddable":true,"href":"https:\/\/linoexpress.com\/lv\/wp-json\/wp\/v2\/media\/11294"}],"wp:attachment":[{"href":"https:\/\/linoexpress.com\/lv\/wp-json\/wp\/v2\/media?parent=11290"}],"wp:term":[{"taxonomy":"product_brand","embeddable":true,"href":"https:\/\/linoexpress.com\/lv\/wp-json\/wp\/v2\/product_brand?post=11290"},{"taxonomy":"product_cat","embeddable":true,"href":"https:\/\/linoexpress.com\/lv\/wp-json\/wp\/v2\/product_cat?post=11290"},{"taxonomy":"product_tag","embeddable":true,"href":"https:\/\/linoexpress.com\/lv\/wp-json\/wp\/v2\/product_tag?post=11290"}],"curies":[{"name":"wp","href":"https:\/\/api.w.org\/{rel}","templated":true}]}}