{"id":11319,"date":"2024-10-31T09:08:55","date_gmt":"2024-10-31T08:08:55","guid":{"rendered":"https:\/\/linoexpress.com\/lv\/?post_type=product&#038;p=11319"},"modified":"2024-11-16T11:21:21","modified_gmt":"2024-11-16T10:21:21","slug":"mini-komplekts-susanas-pamatiem","status":"publish","type":"product","link":"https:\/\/linoexpress.com\/lv\/proizvod\/mini-komplekts-susanas-pamatiem\/","title":{"rendered":"Mini komplekts \u0161\u016b\u0161anas pamatiem"},"content":{"rendered":"","protected":false},"excerpt":{"rendered":"<p>Jauks un praktisks \u0161\u016b\u0161anas komplekts ies\u0101c\u0113jiem un \u0161\u016b\u0161anas entuziastiem!<\/p>\n","protected":false},"featured_media":11320,"comment_status":"closed","ping_status":"closed","template":"","meta":{"inline_featured_image":false},"product_brand":[],"product_cat":[35,15],"product_tag":[],"class_list":{"0":"post-11319","1":"product","2":"type-product","3":"status-publish","4":"has-post-thumbnail","6":"product_cat-fun","7":"product_cat-uncategorized","9":"first","10":"instock","11":"sale","12":"taxable","13":"shipping-taxable","14":"purchasable","15":"product-type-simple"},"acf":[],"_links":{"self":[{"href":"https:\/\/linoexpress.com\/lv\/wp-json\/wp\/v2\/product\/11319","targetHints":{"allow":["GET"]}}],"collection":[{"href":"https:\/\/linoexpress.com\/lv\/wp-json\/wp\/v2\/product"}],"about":[{"href":"https:\/\/linoexpress.com\/lv\/wp-json\/wp\/v2\/types\/product"}],"replies":[{"embeddable":true,"href":"https:\/\/linoexpress.com\/lv\/wp-json\/wp\/v2\/comments?post=11319"}],"wp:featuredmedia":[{"embeddable":true,"href":"https:\/\/linoexpress.com\/lv\/wp-json\/wp\/v2\/media\/11320"}],"wp:attachment":[{"href":"https:\/\/linoexpress.com\/lv\/wp-json\/wp\/v2\/media?parent=11319"}],"wp:term":[{"taxonomy":"product_brand","embeddable":true,"href":"https:\/\/linoexpress.com\/lv\/wp-json\/wp\/v2\/product_brand?post=11319"},{"taxonomy":"product_cat","embeddable":true,"href":"https:\/\/linoexpress.com\/lv\/wp-json\/wp\/v2\/product_cat?post=11319"},{"taxonomy":"product_tag","embeddable":true,"href":"https:\/\/linoexpress.com\/lv\/wp-json\/wp\/v2\/product_tag?post=11319"}],"curies":[{"name":"wp","href":"https:\/\/api.w.org\/{rel}","templated":true}]}}