{"id":11325,"date":"2024-10-31T10:38:28","date_gmt":"2024-10-31T09:38:28","guid":{"rendered":"https:\/\/linoexpress.com\/lv\/?post_type=product&#038;p=11325"},"modified":"2024-11-15T14:31:16","modified_gmt":"2024-11-15T13:31:16","slug":"uguns-burvju-nujina","status":"publish","type":"product","link":"https:\/\/linoexpress.com\/lv\/proizvod\/uguns-burvju-nujina\/","title":{"rendered":"Uguns burvju n\u016bji\u0146a"},"content":{"rendered":"","protected":false},"excerpt":{"rendered":"<p>Ieprieciniet savus m\u012b\u013cos ar \u0161o fantastisko burvju n\u016bji\u0146u! Nosl\u0113pumaina jautr\u012bba garant\u0113ta!<\/p>\n","protected":false},"featured_media":11326,"comment_status":"closed","ping_status":"closed","template":"","meta":{"inline_featured_image":false},"product_brand":[],"product_cat":[35,15],"product_tag":[],"class_list":{"0":"post-11325","1":"product","2":"type-product","3":"status-publish","4":"has-post-thumbnail","6":"product_cat-fun","7":"product_cat-uncategorized","9":"first","10":"instock","11":"sale","12":"taxable","13":"shipping-taxable","14":"purchasable","15":"product-type-simple"},"acf":[],"_links":{"self":[{"href":"https:\/\/linoexpress.com\/lv\/wp-json\/wp\/v2\/product\/11325","targetHints":{"allow":["GET"]}}],"collection":[{"href":"https:\/\/linoexpress.com\/lv\/wp-json\/wp\/v2\/product"}],"about":[{"href":"https:\/\/linoexpress.com\/lv\/wp-json\/wp\/v2\/types\/product"}],"replies":[{"embeddable":true,"href":"https:\/\/linoexpress.com\/lv\/wp-json\/wp\/v2\/comments?post=11325"}],"wp:featuredmedia":[{"embeddable":true,"href":"https:\/\/linoexpress.com\/lv\/wp-json\/wp\/v2\/media\/11326"}],"wp:attachment":[{"href":"https:\/\/linoexpress.com\/lv\/wp-json\/wp\/v2\/media?parent=11325"}],"wp:term":[{"taxonomy":"product_brand","embeddable":true,"href":"https:\/\/linoexpress.com\/lv\/wp-json\/wp\/v2\/product_brand?post=11325"},{"taxonomy":"product_cat","embeddable":true,"href":"https:\/\/linoexpress.com\/lv\/wp-json\/wp\/v2\/product_cat?post=11325"},{"taxonomy":"product_tag","embeddable":true,"href":"https:\/\/linoexpress.com\/lv\/wp-json\/wp\/v2\/product_tag?post=11325"}],"curies":[{"name":"wp","href":"https:\/\/api.w.org\/{rel}","templated":true}]}}