{"id":11331,"date":"2024-10-31T14:24:19","date_gmt":"2024-10-31T13:24:19","guid":{"rendered":"https:\/\/linoexpress.com\/lv\/?post_type=product&#038;p=11331"},"modified":"2025-10-14T12:24:54","modified_gmt":"2025-10-14T10:24:54","slug":"refleksa-vatelina-bumba","status":"publish","type":"product","link":"https:\/\/linoexpress.com\/lv\/proizvod\/refleksa-vatelina-bumba\/","title":{"rendered":"Refleksa vatel\u012bna bumba"},"content":{"rendered":"","protected":false},"excerpt":{"rendered":"<p>Uzlabojiet savu apm\u0101c\u012bbu un paceliet savu motiv\u0101ciju uz n\u0101kamo l\u012bmeni. Lab\u0101k\u0101 bumba refleksu uzlabo\u0161anai!<\/p>\n","protected":false},"featured_media":11952,"comment_status":"closed","ping_status":"closed","template":"","meta":{"inline_featured_image":false},"product_brand":[],"product_cat":[35,15],"product_tag":[],"class_list":{"0":"post-11331","1":"product","2":"type-product","3":"status-publish","4":"has-post-thumbnail","6":"product_cat-fun","7":"product_cat-uncategorized","9":"first","10":"instock","11":"sale","12":"taxable","13":"shipping-taxable","14":"purchasable","15":"product-type-simple"},"acf":[],"_links":{"self":[{"href":"https:\/\/linoexpress.com\/lv\/wp-json\/wp\/v2\/product\/11331","targetHints":{"allow":["GET"]}}],"collection":[{"href":"https:\/\/linoexpress.com\/lv\/wp-json\/wp\/v2\/product"}],"about":[{"href":"https:\/\/linoexpress.com\/lv\/wp-json\/wp\/v2\/types\/product"}],"replies":[{"embeddable":true,"href":"https:\/\/linoexpress.com\/lv\/wp-json\/wp\/v2\/comments?post=11331"}],"wp:featuredmedia":[{"embeddable":true,"href":"https:\/\/linoexpress.com\/lv\/wp-json\/wp\/v2\/media\/11952"}],"wp:attachment":[{"href":"https:\/\/linoexpress.com\/lv\/wp-json\/wp\/v2\/media?parent=11331"}],"wp:term":[{"taxonomy":"product_brand","embeddable":true,"href":"https:\/\/linoexpress.com\/lv\/wp-json\/wp\/v2\/product_brand?post=11331"},{"taxonomy":"product_cat","embeddable":true,"href":"https:\/\/linoexpress.com\/lv\/wp-json\/wp\/v2\/product_cat?post=11331"},{"taxonomy":"product_tag","embeddable":true,"href":"https:\/\/linoexpress.com\/lv\/wp-json\/wp\/v2\/product_tag?post=11331"}],"curies":[{"name":"wp","href":"https:\/\/api.w.org\/{rel}","templated":true}]}}