{"id":11345,"date":"2024-11-01T13:08:26","date_gmt":"2024-11-01T12:08:26","guid":{"rendered":"https:\/\/linoexpress.com\/lv\/?post_type=product&#038;p=11345"},"modified":"2024-11-01T13:10:16","modified_gmt":"2024-11-01T12:10:16","slug":"montessori-diy-susanas-komplekts","status":"publish","type":"product","link":"https:\/\/linoexpress.com\/lv\/proizvod\/montessori-diy-susanas-komplekts\/","title":{"rendered":"Montessori DIY \u0161\u016b\u0161anas komplekts"},"content":{"rendered":"","protected":false},"excerpt":{"rendered":"<p>\u0160is DIY komplekts ir ide\u0101li piem\u0113rots rado\u0161uma un precizit\u0101tes att\u012bst\u012b\u0161anai. \u013baujiet saviem b\u0113rniem pa\u0161iem piel\u0101got savu iecien\u012bt\u0101ko rota\u013clietu.<\/p>\n","protected":false},"featured_media":11351,"comment_status":"closed","ping_status":"closed","template":"","meta":{"inline_featured_image":false},"product_brand":[],"product_cat":[35,15],"product_tag":[],"class_list":{"0":"post-11345","1":"product","2":"type-product","3":"status-publish","4":"has-post-thumbnail","6":"product_cat-fun","7":"product_cat-uncategorized","9":"first","10":"instock","11":"sale","12":"taxable","13":"shipping-taxable","14":"purchasable","15":"product-type-simple"},"acf":[],"_links":{"self":[{"href":"https:\/\/linoexpress.com\/lv\/wp-json\/wp\/v2\/product\/11345","targetHints":{"allow":["GET"]}}],"collection":[{"href":"https:\/\/linoexpress.com\/lv\/wp-json\/wp\/v2\/product"}],"about":[{"href":"https:\/\/linoexpress.com\/lv\/wp-json\/wp\/v2\/types\/product"}],"replies":[{"embeddable":true,"href":"https:\/\/linoexpress.com\/lv\/wp-json\/wp\/v2\/comments?post=11345"}],"wp:featuredmedia":[{"embeddable":true,"href":"https:\/\/linoexpress.com\/lv\/wp-json\/wp\/v2\/media\/11351"}],"wp:attachment":[{"href":"https:\/\/linoexpress.com\/lv\/wp-json\/wp\/v2\/media?parent=11345"}],"wp:term":[{"taxonomy":"product_brand","embeddable":true,"href":"https:\/\/linoexpress.com\/lv\/wp-json\/wp\/v2\/product_brand?post=11345"},{"taxonomy":"product_cat","embeddable":true,"href":"https:\/\/linoexpress.com\/lv\/wp-json\/wp\/v2\/product_cat?post=11345"},{"taxonomy":"product_tag","embeddable":true,"href":"https:\/\/linoexpress.com\/lv\/wp-json\/wp\/v2\/product_tag?post=11345"}],"curies":[{"name":"wp","href":"https:\/\/api.w.org\/{rel}","templated":true}]}}