{"id":11402,"date":"2024-11-05T09:01:44","date_gmt":"2024-11-05T08:01:44","guid":{"rendered":"https:\/\/linoexpress.com\/lv\/?post_type=product&#038;p=11402"},"modified":"2025-08-12T21:58:25","modified_gmt":"2025-08-12T19:58:25","slug":"3d-pasaku-bilzu-gramatas","status":"publish","type":"product","link":"https:\/\/linoexpress.com\/lv\/proizvod\/3d-pasaku-bilzu-gramatas\/","title":{"rendered":"3D pasaku bil\u017eu gr\u0101matas"},"content":{"rendered":"","protected":false},"excerpt":{"rendered":"<p>Kvalitat\u012bvas 3D att\u0113lu gr\u0101matas ar iecien\u012bt\u0101kaj\u0101m pasak\u0101m priec\u0113s j\u016bsu b\u0113rnus un atsl\u0101bin\u0101s vi\u0146us. \u013baujiet va\u013cu b\u0113rnu fant\u0101zijai ar \u0161\u012bm lieliskaj\u0101m pasak\u0101m.<\/p>\n","protected":false},"featured_media":11406,"comment_status":"closed","ping_status":"closed","template":"","meta":{"inline_featured_image":false},"product_brand":[],"product_cat":[35,15],"product_tag":[],"class_list":{"0":"post-11402","1":"product","2":"type-product","3":"status-publish","4":"has-post-thumbnail","6":"product_cat-fun","7":"product_cat-uncategorized","9":"first","10":"instock","11":"sale","12":"taxable","13":"shipping-taxable","14":"purchasable","15":"product-type-simple"},"acf":[],"_links":{"self":[{"href":"https:\/\/linoexpress.com\/lv\/wp-json\/wp\/v2\/product\/11402","targetHints":{"allow":["GET"]}}],"collection":[{"href":"https:\/\/linoexpress.com\/lv\/wp-json\/wp\/v2\/product"}],"about":[{"href":"https:\/\/linoexpress.com\/lv\/wp-json\/wp\/v2\/types\/product"}],"replies":[{"embeddable":true,"href":"https:\/\/linoexpress.com\/lv\/wp-json\/wp\/v2\/comments?post=11402"}],"wp:featuredmedia":[{"embeddable":true,"href":"https:\/\/linoexpress.com\/lv\/wp-json\/wp\/v2\/media\/11406"}],"wp:attachment":[{"href":"https:\/\/linoexpress.com\/lv\/wp-json\/wp\/v2\/media?parent=11402"}],"wp:term":[{"taxonomy":"product_brand","embeddable":true,"href":"https:\/\/linoexpress.com\/lv\/wp-json\/wp\/v2\/product_brand?post=11402"},{"taxonomy":"product_cat","embeddable":true,"href":"https:\/\/linoexpress.com\/lv\/wp-json\/wp\/v2\/product_cat?post=11402"},{"taxonomy":"product_tag","embeddable":true,"href":"https:\/\/linoexpress.com\/lv\/wp-json\/wp\/v2\/product_tag?post=11402"}],"curies":[{"name":"wp","href":"https:\/\/api.w.org\/{rel}","templated":true}]}}