{"id":11438,"date":"2024-11-08T08:03:48","date_gmt":"2024-11-08T07:03:48","guid":{"rendered":"https:\/\/linoexpress.com\/lv\/?post_type=product&#038;p=11438"},"modified":"2024-11-08T08:05:52","modified_gmt":"2024-11-08T07:05:52","slug":"montessori-instrumentu-kaste","status":"publish","type":"product","link":"https:\/\/linoexpress.com\/lv\/proizvod\/montessori-instrumentu-kaste\/","title":{"rendered":"Montessori instrumentu kaste"},"content":{"rendered":"","protected":false},"excerpt":{"rendered":"<p>Jauns izklaides veids un kvalitat\u012bvi pavad\u012bts laiks. \u0160is Montessori r\u012bku komplekts ir viss, kas jums nepiecie\u0161ams, lai j\u016bsu b\u0113rni b\u016btu laim\u012bgi un izklaid\u0113ti stund\u0101m ilgi!<\/p>\n","protected":false},"featured_media":11440,"comment_status":"closed","ping_status":"closed","template":"","meta":{"inline_featured_image":false},"product_brand":[],"product_cat":[35,15],"product_tag":[],"class_list":{"0":"post-11438","1":"product","2":"type-product","3":"status-publish","4":"has-post-thumbnail","6":"product_cat-fun","7":"product_cat-uncategorized","9":"first","10":"instock","11":"sale","12":"taxable","13":"shipping-taxable","14":"purchasable","15":"product-type-simple"},"acf":[],"_links":{"self":[{"href":"https:\/\/linoexpress.com\/lv\/wp-json\/wp\/v2\/product\/11438","targetHints":{"allow":["GET"]}}],"collection":[{"href":"https:\/\/linoexpress.com\/lv\/wp-json\/wp\/v2\/product"}],"about":[{"href":"https:\/\/linoexpress.com\/lv\/wp-json\/wp\/v2\/types\/product"}],"replies":[{"embeddable":true,"href":"https:\/\/linoexpress.com\/lv\/wp-json\/wp\/v2\/comments?post=11438"}],"wp:featuredmedia":[{"embeddable":true,"href":"https:\/\/linoexpress.com\/lv\/wp-json\/wp\/v2\/media\/11440"}],"wp:attachment":[{"href":"https:\/\/linoexpress.com\/lv\/wp-json\/wp\/v2\/media?parent=11438"}],"wp:term":[{"taxonomy":"product_brand","embeddable":true,"href":"https:\/\/linoexpress.com\/lv\/wp-json\/wp\/v2\/product_brand?post=11438"},{"taxonomy":"product_cat","embeddable":true,"href":"https:\/\/linoexpress.com\/lv\/wp-json\/wp\/v2\/product_cat?post=11438"},{"taxonomy":"product_tag","embeddable":true,"href":"https:\/\/linoexpress.com\/lv\/wp-json\/wp\/v2\/product_tag?post=11438"}],"curies":[{"name":"wp","href":"https:\/\/api.w.org\/{rel}","templated":true}]}}