{"id":11451,"date":"2024-11-08T13:20:37","date_gmt":"2024-11-08T12:20:37","guid":{"rendered":"https:\/\/linoexpress.com\/lv\/?post_type=product&#038;p=11451"},"modified":"2025-01-19T22:49:52","modified_gmt":"2025-01-19T21:49:52","slug":"saliekams-bernu-elektrokartings","status":"publish","type":"product","link":"https:\/\/linoexpress.com\/lv\/proizvod\/saliekams-bernu-elektrokartings\/","title":{"rendered":"Saliekams b\u0113rnu elektrokartings"},"content":{"rendered":"","protected":false},"excerpt":{"rendered":"<p>Elektriskais kartings b\u0113rniem ir lieliski piem\u0113rots mazajiem, kam pat\u012bk aizrau\u0161an\u0101s un brauk\u0161ana!<\/p>\n","protected":false},"featured_media":11452,"comment_status":"closed","ping_status":"closed","template":"","meta":{"inline_featured_image":false},"product_brand":[],"product_cat":[35,15],"product_tag":[],"class_list":{"0":"post-11451","1":"product","2":"type-product","3":"status-publish","4":"has-post-thumbnail","6":"product_cat-fun","7":"product_cat-uncategorized","9":"first","10":"instock","11":"sale","12":"taxable","13":"shipping-taxable","14":"purchasable","15":"product-type-simple"},"acf":[],"_links":{"self":[{"href":"https:\/\/linoexpress.com\/lv\/wp-json\/wp\/v2\/product\/11451","targetHints":{"allow":["GET"]}}],"collection":[{"href":"https:\/\/linoexpress.com\/lv\/wp-json\/wp\/v2\/product"}],"about":[{"href":"https:\/\/linoexpress.com\/lv\/wp-json\/wp\/v2\/types\/product"}],"replies":[{"embeddable":true,"href":"https:\/\/linoexpress.com\/lv\/wp-json\/wp\/v2\/comments?post=11451"}],"wp:featuredmedia":[{"embeddable":true,"href":"https:\/\/linoexpress.com\/lv\/wp-json\/wp\/v2\/media\/11452"}],"wp:attachment":[{"href":"https:\/\/linoexpress.com\/lv\/wp-json\/wp\/v2\/media?parent=11451"}],"wp:term":[{"taxonomy":"product_brand","embeddable":true,"href":"https:\/\/linoexpress.com\/lv\/wp-json\/wp\/v2\/product_brand?post=11451"},{"taxonomy":"product_cat","embeddable":true,"href":"https:\/\/linoexpress.com\/lv\/wp-json\/wp\/v2\/product_cat?post=11451"},{"taxonomy":"product_tag","embeddable":true,"href":"https:\/\/linoexpress.com\/lv\/wp-json\/wp\/v2\/product_tag?post=11451"}],"curies":[{"name":"wp","href":"https:\/\/api.w.org\/{rel}","templated":true}]}}