{"id":11505,"date":"2025-02-18T17:42:20","date_gmt":"2025-02-18T16:42:20","guid":{"rendered":"https:\/\/linoexpress.com\/lv\/?post_type=product&#038;p=11505"},"modified":"2025-02-18T18:38:03","modified_gmt":"2025-02-18T17:38:03","slug":"neredzams-numura-zimes-aerosols","status":"publish","type":"product","link":"https:\/\/linoexpress.com\/lv\/proizvod\/neredzams-numura-zimes-aerosols\/","title":{"rendered":"Neredzams numura z\u012bmes aerosols"},"content":{"rendered":"","protected":false},"excerpt":{"rendered":"<p>\u0160is jap\u0101\u0146u neredzamais aerosols nodro\u0161ina t\u016bl\u012bt\u0113jus rezult\u0101tus, nodro\u0161inot jums piln\u012bgu priv\u0101tumu brauk\u0161anas laik\u0101. Vienk\u0101r\u0161i izsmidziniet numura z\u012bmi un nodro\u0161iniet sev maksim\u0101lu aizsardz\u012bbu pret izseko\u0161anas sist\u0113m\u0101m. Izmantojot \u0161o novatorisko fotoatt\u0113lu blo\u0137\u0113\u0161anas tehnolo\u0123iju, j\u016bsu anonimit\u0101te ir pirmaj\u0101 viet\u0101.<\/p>\n","protected":false},"featured_media":11510,"comment_status":"closed","ping_status":"closed","template":"","meta":{"inline_featured_image":false},"product_brand":[],"product_cat":[35,15],"product_tag":[],"class_list":{"0":"post-11505","1":"product","2":"type-product","3":"status-publish","4":"has-post-thumbnail","6":"product_cat-fun","7":"product_cat-uncategorized","9":"first","10":"instock","11":"sale","12":"taxable","13":"shipping-taxable","14":"purchasable","15":"product-type-simple"},"acf":[],"_links":{"self":[{"href":"https:\/\/linoexpress.com\/lv\/wp-json\/wp\/v2\/product\/11505","targetHints":{"allow":["GET"]}}],"collection":[{"href":"https:\/\/linoexpress.com\/lv\/wp-json\/wp\/v2\/product"}],"about":[{"href":"https:\/\/linoexpress.com\/lv\/wp-json\/wp\/v2\/types\/product"}],"replies":[{"embeddable":true,"href":"https:\/\/linoexpress.com\/lv\/wp-json\/wp\/v2\/comments?post=11505"}],"wp:featuredmedia":[{"embeddable":true,"href":"https:\/\/linoexpress.com\/lv\/wp-json\/wp\/v2\/media\/11510"}],"wp:attachment":[{"href":"https:\/\/linoexpress.com\/lv\/wp-json\/wp\/v2\/media?parent=11505"}],"wp:term":[{"taxonomy":"product_brand","embeddable":true,"href":"https:\/\/linoexpress.com\/lv\/wp-json\/wp\/v2\/product_brand?post=11505"},{"taxonomy":"product_cat","embeddable":true,"href":"https:\/\/linoexpress.com\/lv\/wp-json\/wp\/v2\/product_cat?post=11505"},{"taxonomy":"product_tag","embeddable":true,"href":"https:\/\/linoexpress.com\/lv\/wp-json\/wp\/v2\/product_tag?post=11505"}],"curies":[{"name":"wp","href":"https:\/\/api.w.org\/{rel}","templated":true}]}}