{"id":11523,"date":"2025-03-04T10:03:20","date_gmt":"2025-03-04T09:03:20","guid":{"rendered":"https:\/\/linoexpress.com\/lv\/?post_type=product&#038;p=11523"},"modified":"2025-09-18T10:33:57","modified_gmt":"2025-09-18T08:33:57","slug":"durvju-uzstadisanas-pozicionetajs","status":"publish","type":"product","link":"https:\/\/linoexpress.com\/lv\/proizvod\/durvju-uzstadisanas-pozicionetajs\/","title":{"rendered":"Durvju uzst\u0101d\u012b\u0161anas pozicion\u0113t\u0101js"},"content":{"rendered":"","protected":false},"excerpt":{"rendered":"<p>M\u016bsu durvju uzst\u0101d\u012b\u0161anas pozicion\u0113t\u0101js nodro\u0161ina \u0101tru un prec\u012bzu veidu, k\u0101 pan\u0101kt perfektu izl\u012bdzin\u0101\u0161anu pat bez citu pal\u012bdz\u012bbas. \u0160is r\u012bks ir paredz\u0113ts lieto\u0161anas \u0113rt\u012bbai, \u013caujot darbu paveikt \u0101tr\u0101k un efekt\u012bv\u0101k.<\/p>\n","protected":false},"featured_media":11524,"comment_status":"closed","ping_status":"closed","template":"","meta":{"inline_featured_image":false},"product_brand":[],"product_cat":[35,15],"product_tag":[],"class_list":{"0":"post-11523","1":"product","2":"type-product","3":"status-publish","4":"has-post-thumbnail","6":"product_cat-fun","7":"product_cat-uncategorized","9":"first","10":"instock","11":"sale","12":"taxable","13":"shipping-taxable","14":"purchasable","15":"product-type-simple"},"acf":[],"_links":{"self":[{"href":"https:\/\/linoexpress.com\/lv\/wp-json\/wp\/v2\/product\/11523","targetHints":{"allow":["GET"]}}],"collection":[{"href":"https:\/\/linoexpress.com\/lv\/wp-json\/wp\/v2\/product"}],"about":[{"href":"https:\/\/linoexpress.com\/lv\/wp-json\/wp\/v2\/types\/product"}],"replies":[{"embeddable":true,"href":"https:\/\/linoexpress.com\/lv\/wp-json\/wp\/v2\/comments?post=11523"}],"wp:featuredmedia":[{"embeddable":true,"href":"https:\/\/linoexpress.com\/lv\/wp-json\/wp\/v2\/media\/11524"}],"wp:attachment":[{"href":"https:\/\/linoexpress.com\/lv\/wp-json\/wp\/v2\/media?parent=11523"}],"wp:term":[{"taxonomy":"product_brand","embeddable":true,"href":"https:\/\/linoexpress.com\/lv\/wp-json\/wp\/v2\/product_brand?post=11523"},{"taxonomy":"product_cat","embeddable":true,"href":"https:\/\/linoexpress.com\/lv\/wp-json\/wp\/v2\/product_cat?post=11523"},{"taxonomy":"product_tag","embeddable":true,"href":"https:\/\/linoexpress.com\/lv\/wp-json\/wp\/v2\/product_tag?post=11523"}],"curies":[{"name":"wp","href":"https:\/\/api.w.org\/{rel}","templated":true}]}}