{"id":11532,"date":"2025-03-04T12:37:45","date_gmt":"2025-03-04T11:37:45","guid":{"rendered":"https:\/\/linoexpress.com\/lv\/?post_type=product&#038;p=11532"},"modified":"2025-09-18T10:11:43","modified_gmt":"2025-09-18T08:11:43","slug":"burtu-gravesanas-komplekts","status":"publish","type":"product","link":"https:\/\/linoexpress.com\/lv\/proizvod\/burtu-gravesanas-komplekts\/","title":{"rendered":"Burtu grav\u0113\u0161anas komplekts"},"content":{"rendered":"","protected":false},"excerpt":{"rendered":"<p>Viss burtu alfab\u0113ts grav\u0113\u0161anai. Izveidojiet monogrammas, izspiediet v\u0101rdus vai v\u0101rdus vai personaliz\u0113jiet savu darbu!<\/p>\n","protected":false},"featured_media":11533,"comment_status":"closed","ping_status":"closed","template":"","meta":{"inline_featured_image":false},"product_brand":[],"product_cat":[35,15],"product_tag":[],"class_list":{"0":"post-11532","1":"product","2":"type-product","3":"status-publish","4":"has-post-thumbnail","6":"product_cat-fun","7":"product_cat-uncategorized","9":"first","10":"instock","11":"sale","12":"taxable","13":"shipping-taxable","14":"purchasable","15":"product-type-simple"},"acf":[],"_links":{"self":[{"href":"https:\/\/linoexpress.com\/lv\/wp-json\/wp\/v2\/product\/11532","targetHints":{"allow":["GET"]}}],"collection":[{"href":"https:\/\/linoexpress.com\/lv\/wp-json\/wp\/v2\/product"}],"about":[{"href":"https:\/\/linoexpress.com\/lv\/wp-json\/wp\/v2\/types\/product"}],"replies":[{"embeddable":true,"href":"https:\/\/linoexpress.com\/lv\/wp-json\/wp\/v2\/comments?post=11532"}],"wp:featuredmedia":[{"embeddable":true,"href":"https:\/\/linoexpress.com\/lv\/wp-json\/wp\/v2\/media\/11533"}],"wp:attachment":[{"href":"https:\/\/linoexpress.com\/lv\/wp-json\/wp\/v2\/media?parent=11532"}],"wp:term":[{"taxonomy":"product_brand","embeddable":true,"href":"https:\/\/linoexpress.com\/lv\/wp-json\/wp\/v2\/product_brand?post=11532"},{"taxonomy":"product_cat","embeddable":true,"href":"https:\/\/linoexpress.com\/lv\/wp-json\/wp\/v2\/product_cat?post=11532"},{"taxonomy":"product_tag","embeddable":true,"href":"https:\/\/linoexpress.com\/lv\/wp-json\/wp\/v2\/product_tag?post=11532"}],"curies":[{"name":"wp","href":"https:\/\/api.w.org\/{rel}","templated":true}]}}