{"id":11541,"date":"2025-03-04T13:33:07","date_gmt":"2025-03-04T12:33:07","guid":{"rendered":"https:\/\/linoexpress.com\/lv\/?post_type=product&#038;p=11541"},"modified":"2025-03-26T15:53:35","modified_gmt":"2025-03-26T14:53:35","slug":"makslas-komplekts-radosa-magija","status":"publish","type":"product","link":"https:\/\/linoexpress.com\/lv\/proizvod\/makslas-komplekts-radosa-magija\/","title":{"rendered":"M\u0101kslas komplekts &#8211; rado\u0161\u0101 ma\u0123ija"},"content":{"rendered":"","protected":false},"excerpt":{"rendered":"<p>Atkl\u0101jiet ma\u0123isko m\u0101kslas pasauli! \u0160is rado\u0161ais komplekts \u013cauj viegli izveidot neticamus m\u0101kslas darbus ar vienu skr\u0101p\u0113jumu. Neatkar\u012bgi no t\u0101, vai esat ies\u0101c\u0113js vai pieredz\u0113jis m\u0101kslinieks, \u0161is komplekts pied\u0101v\u0101 bezgal\u012bgas iesp\u0113jas izpaust savu rado\u0161umu. Ieprieciniet savus b\u0113rnus vai sevi ar \u0161o jautro un izgl\u012btojo\u0161o aktivit\u0101ti!<\/p>\n","protected":false},"featured_media":11553,"comment_status":"closed","ping_status":"closed","template":"","meta":{"inline_featured_image":false},"product_brand":[],"product_cat":[35,15],"product_tag":[],"class_list":{"0":"post-11541","1":"product","2":"type-product","3":"status-publish","4":"has-post-thumbnail","6":"product_cat-fun","7":"product_cat-uncategorized","9":"first","10":"instock","11":"sale","12":"taxable","13":"shipping-taxable","14":"purchasable","15":"product-type-simple"},"acf":[],"_links":{"self":[{"href":"https:\/\/linoexpress.com\/lv\/wp-json\/wp\/v2\/product\/11541","targetHints":{"allow":["GET"]}}],"collection":[{"href":"https:\/\/linoexpress.com\/lv\/wp-json\/wp\/v2\/product"}],"about":[{"href":"https:\/\/linoexpress.com\/lv\/wp-json\/wp\/v2\/types\/product"}],"replies":[{"embeddable":true,"href":"https:\/\/linoexpress.com\/lv\/wp-json\/wp\/v2\/comments?post=11541"}],"wp:featuredmedia":[{"embeddable":true,"href":"https:\/\/linoexpress.com\/lv\/wp-json\/wp\/v2\/media\/11553"}],"wp:attachment":[{"href":"https:\/\/linoexpress.com\/lv\/wp-json\/wp\/v2\/media?parent=11541"}],"wp:term":[{"taxonomy":"product_brand","embeddable":true,"href":"https:\/\/linoexpress.com\/lv\/wp-json\/wp\/v2\/product_brand?post=11541"},{"taxonomy":"product_cat","embeddable":true,"href":"https:\/\/linoexpress.com\/lv\/wp-json\/wp\/v2\/product_cat?post=11541"},{"taxonomy":"product_tag","embeddable":true,"href":"https:\/\/linoexpress.com\/lv\/wp-json\/wp\/v2\/product_tag?post=11541"}],"curies":[{"name":"wp","href":"https:\/\/api.w.org\/{rel}","templated":true}]}}