{"id":11561,"date":"2025-03-12T23:50:33","date_gmt":"2025-03-12T22:50:33","guid":{"rendered":"https:\/\/linoexpress.com\/lv\/?post_type=product&#038;p=11561"},"modified":"2025-04-28T10:10:14","modified_gmt":"2025-04-28T08:10:14","slug":"2-viena-elektriska-un-manuala-automasina","status":"publish","type":"product","link":"https:\/\/linoexpress.com\/lv\/proizvod\/2-viena-elektriska-un-manuala-automasina\/","title":{"rendered":"2 vien\u0101 elektrisk\u0101 un manu\u0101l\u0101 automa\u0161\u012bna"},"content":{"rendered":"","protected":false},"excerpt":{"rendered":"<p>\u0160is novatoriskais rota\u013cu auto \u013cauj b\u0113rniem izv\u0113l\u0113ties starp klasisko manu\u0101lo vad\u012bbu un elektrisko re\u017e\u012bmu, lai brauk\u0161ana b\u016btu v\u0113l jautr\u0101ka. Tas ir lieliski piem\u0113rots sp\u0113l\u0113\u0161anai m\u0101j\u0101s vai \u0101r\u0101, nodro\u0161inot dro\u0161\u012bbu un stabilit\u0101ti. M\u016bsdien\u012bgais dizains un \u0113rt\u0101 lieto\u0161ana padara to par ide\u0101lu izv\u0113li mazajiem.<\/p>\n","protected":false},"featured_media":11566,"comment_status":"closed","ping_status":"closed","template":"","meta":{"inline_featured_image":false},"product_brand":[],"product_cat":[35,15],"product_tag":[],"class_list":{"0":"post-11561","1":"product","2":"type-product","3":"status-publish","4":"has-post-thumbnail","6":"product_cat-fun","7":"product_cat-uncategorized","9":"first","10":"instock","11":"sale","12":"taxable","13":"shipping-taxable","14":"purchasable","15":"product-type-simple"},"acf":[],"_links":{"self":[{"href":"https:\/\/linoexpress.com\/lv\/wp-json\/wp\/v2\/product\/11561","targetHints":{"allow":["GET"]}}],"collection":[{"href":"https:\/\/linoexpress.com\/lv\/wp-json\/wp\/v2\/product"}],"about":[{"href":"https:\/\/linoexpress.com\/lv\/wp-json\/wp\/v2\/types\/product"}],"replies":[{"embeddable":true,"href":"https:\/\/linoexpress.com\/lv\/wp-json\/wp\/v2\/comments?post=11561"}],"wp:featuredmedia":[{"embeddable":true,"href":"https:\/\/linoexpress.com\/lv\/wp-json\/wp\/v2\/media\/11566"}],"wp:attachment":[{"href":"https:\/\/linoexpress.com\/lv\/wp-json\/wp\/v2\/media?parent=11561"}],"wp:term":[{"taxonomy":"product_brand","embeddable":true,"href":"https:\/\/linoexpress.com\/lv\/wp-json\/wp\/v2\/product_brand?post=11561"},{"taxonomy":"product_cat","embeddable":true,"href":"https:\/\/linoexpress.com\/lv\/wp-json\/wp\/v2\/product_cat?post=11561"},{"taxonomy":"product_tag","embeddable":true,"href":"https:\/\/linoexpress.com\/lv\/wp-json\/wp\/v2\/product_tag?post=11561"}],"curies":[{"name":"wp","href":"https:\/\/api.w.org\/{rel}","templated":true}]}}