{"id":11575,"date":"2025-03-13T02:41:03","date_gmt":"2025-03-13T01:41:03","guid":{"rendered":"https:\/\/linoexpress.com\/lv\/?post_type=product&#038;p=11575"},"modified":"2025-09-18T10:42:16","modified_gmt":"2025-09-18T08:42:16","slug":"individuala-boksa-treninu-lente","status":"publish","type":"product","link":"https:\/\/linoexpress.com\/lv\/proizvod\/individuala-boksa-treninu-lente\/","title":{"rendered":"Individu\u0101la boksa treni\u0146u lente"},"content":{"rendered":"","protected":false},"excerpt":{"rendered":"<p>Novatoriska pretest\u012bbas josla, kas \u012bpa\u0161i izstr\u0101d\u0101ta bokseriem. Tie pal\u012bdz uzlabot k\u0101ju darb\u012bbu, palielina sitienu sp\u0113ku un pasarg\u0101 sevi no traum\u0101m. Ide\u0101ls instruments jebkura l\u012bme\u0146a bokseriem, s\u0101kot no ies\u0101c\u0113jiem l\u012bdz profesion\u0101\u013ciem.<\/p>\n","protected":false},"featured_media":11576,"comment_status":"closed","ping_status":"closed","template":"","meta":{"inline_featured_image":false},"product_brand":[],"product_cat":[35,15],"product_tag":[],"class_list":{"0":"post-11575","1":"product","2":"type-product","3":"status-publish","4":"has-post-thumbnail","6":"product_cat-fun","7":"product_cat-uncategorized","9":"first","10":"instock","11":"sale","12":"taxable","13":"shipping-taxable","14":"purchasable","15":"product-type-simple"},"acf":[],"_links":{"self":[{"href":"https:\/\/linoexpress.com\/lv\/wp-json\/wp\/v2\/product\/11575","targetHints":{"allow":["GET"]}}],"collection":[{"href":"https:\/\/linoexpress.com\/lv\/wp-json\/wp\/v2\/product"}],"about":[{"href":"https:\/\/linoexpress.com\/lv\/wp-json\/wp\/v2\/types\/product"}],"replies":[{"embeddable":true,"href":"https:\/\/linoexpress.com\/lv\/wp-json\/wp\/v2\/comments?post=11575"}],"wp:featuredmedia":[{"embeddable":true,"href":"https:\/\/linoexpress.com\/lv\/wp-json\/wp\/v2\/media\/11576"}],"wp:attachment":[{"href":"https:\/\/linoexpress.com\/lv\/wp-json\/wp\/v2\/media?parent=11575"}],"wp:term":[{"taxonomy":"product_brand","embeddable":true,"href":"https:\/\/linoexpress.com\/lv\/wp-json\/wp\/v2\/product_brand?post=11575"},{"taxonomy":"product_cat","embeddable":true,"href":"https:\/\/linoexpress.com\/lv\/wp-json\/wp\/v2\/product_cat?post=11575"},{"taxonomy":"product_tag","embeddable":true,"href":"https:\/\/linoexpress.com\/lv\/wp-json\/wp\/v2\/product_tag?post=11575"}],"curies":[{"name":"wp","href":"https:\/\/api.w.org\/{rel}","templated":true}]}}