{"id":11590,"date":"2025-03-15T12:02:34","date_gmt":"2025-03-15T11:02:34","guid":{"rendered":"https:\/\/linoexpress.com\/lv\/?post_type=product&#038;p=11590"},"modified":"2025-04-28T13:19:35","modified_gmt":"2025-04-28T11:19:35","slug":"interaktiva-putnu-rotallieta-kakiem","status":"publish","type":"product","link":"https:\/\/linoexpress.com\/lv\/proizvod\/interaktiva-putnu-rotallieta-kakiem\/","title":{"rendered":"Interakt\u012bva putnu rota\u013clieta ka\u0137iem"},"content":{"rendered":"","protected":false},"excerpt":{"rendered":"<p>\u0160is pl\u012b\u0161a putns nodro\u0161ina stund\u0101m ilgi j\u016bsu ka\u0137im izklaidi, pateicoties t\u0101 re\u0101listisk\u0101m ska\u0146\u0101m un kust\u012bb\u0101m. Vi\u0146as spalvas un m\u012bkstais materi\u0101ls padara vi\u0146u lieliski piem\u0113rotu knibin\u0101\u0161anai, \u0137er\u0161anai un sp\u0113l\u0113\u0161anai. Stimul\u0113 ka\u0137a dabiskos instinktus, veicinot aktivit\u0101ti un gar\u012bgo stimul\u0101ciju.<\/p>\n","protected":false},"featured_media":11592,"comment_status":"closed","ping_status":"closed","template":"","meta":{"inline_featured_image":false},"product_brand":[],"product_cat":[35,15],"product_tag":[],"class_list":{"0":"post-11590","1":"product","2":"type-product","3":"status-publish","4":"has-post-thumbnail","6":"product_cat-fun","7":"product_cat-uncategorized","9":"first","10":"instock","11":"sale","12":"taxable","13":"shipping-taxable","14":"purchasable","15":"product-type-simple"},"acf":[],"_links":{"self":[{"href":"https:\/\/linoexpress.com\/lv\/wp-json\/wp\/v2\/product\/11590","targetHints":{"allow":["GET"]}}],"collection":[{"href":"https:\/\/linoexpress.com\/lv\/wp-json\/wp\/v2\/product"}],"about":[{"href":"https:\/\/linoexpress.com\/lv\/wp-json\/wp\/v2\/types\/product"}],"replies":[{"embeddable":true,"href":"https:\/\/linoexpress.com\/lv\/wp-json\/wp\/v2\/comments?post=11590"}],"wp:featuredmedia":[{"embeddable":true,"href":"https:\/\/linoexpress.com\/lv\/wp-json\/wp\/v2\/media\/11592"}],"wp:attachment":[{"href":"https:\/\/linoexpress.com\/lv\/wp-json\/wp\/v2\/media?parent=11590"}],"wp:term":[{"taxonomy":"product_brand","embeddable":true,"href":"https:\/\/linoexpress.com\/lv\/wp-json\/wp\/v2\/product_brand?post=11590"},{"taxonomy":"product_cat","embeddable":true,"href":"https:\/\/linoexpress.com\/lv\/wp-json\/wp\/v2\/product_cat?post=11590"},{"taxonomy":"product_tag","embeddable":true,"href":"https:\/\/linoexpress.com\/lv\/wp-json\/wp\/v2\/product_tag?post=11590"}],"curies":[{"name":"wp","href":"https:\/\/api.w.org\/{rel}","templated":true}]}}