{"id":11616,"date":"2025-03-31T14:24:10","date_gmt":"2025-03-31T12:24:10","guid":{"rendered":"https:\/\/linoexpress.com\/lv\/?post_type=product&#038;p=11616"},"modified":"2025-09-18T10:42:09","modified_gmt":"2025-09-18T08:42:09","slug":"individuala-boksa-treninu-lente-2","status":"publish","type":"product","link":"https:\/\/linoexpress.com\/lv\/proizvod\/individuala-boksa-treninu-lente-2\/","title":{"rendered":"Individu\u0101la boksa treni\u0146u lente"},"content":{"rendered":"","protected":false},"excerpt":{"rendered":"<p>Novatoriska boksa treni\u0146u siksna, kas uzlabo \u0101trumu, sp\u0113ku un veikl\u012bbu. Tas pal\u012bdz stiprin\u0101t galvenos musku\u013cus un nodro\u0161ina spr\u0101dzienb\u012bstamu kust\u012bbu bez nepiecie\u0161am\u012bbas izmantot svarus.<\/p>\n","protected":false},"featured_media":11576,"comment_status":"closed","ping_status":"closed","template":"","meta":{"inline_featured_image":false},"product_brand":[],"product_cat":[28,15,26],"product_tag":[],"class_list":{"0":"post-11616","1":"product","2":"type-product","3":"status-publish","4":"has-post-thumbnail","6":"product_cat-beauty","7":"product_cat-uncategorized","8":"product_cat-health","10":"first","11":"instock","12":"sale","13":"taxable","14":"shipping-taxable","15":"purchasable","16":"product-type-simple"},"acf":[],"_links":{"self":[{"href":"https:\/\/linoexpress.com\/lv\/wp-json\/wp\/v2\/product\/11616","targetHints":{"allow":["GET"]}}],"collection":[{"href":"https:\/\/linoexpress.com\/lv\/wp-json\/wp\/v2\/product"}],"about":[{"href":"https:\/\/linoexpress.com\/lv\/wp-json\/wp\/v2\/types\/product"}],"replies":[{"embeddable":true,"href":"https:\/\/linoexpress.com\/lv\/wp-json\/wp\/v2\/comments?post=11616"}],"wp:featuredmedia":[{"embeddable":true,"href":"https:\/\/linoexpress.com\/lv\/wp-json\/wp\/v2\/media\/11576"}],"wp:attachment":[{"href":"https:\/\/linoexpress.com\/lv\/wp-json\/wp\/v2\/media?parent=11616"}],"wp:term":[{"taxonomy":"product_brand","embeddable":true,"href":"https:\/\/linoexpress.com\/lv\/wp-json\/wp\/v2\/product_brand?post=11616"},{"taxonomy":"product_cat","embeddable":true,"href":"https:\/\/linoexpress.com\/lv\/wp-json\/wp\/v2\/product_cat?post=11616"},{"taxonomy":"product_tag","embeddable":true,"href":"https:\/\/linoexpress.com\/lv\/wp-json\/wp\/v2\/product_tag?post=11616"}],"curies":[{"name":"wp","href":"https:\/\/api.w.org\/{rel}","templated":true}]}}