{"id":11619,"date":"2025-04-04T00:02:30","date_gmt":"2025-04-03T22:02:30","guid":{"rendered":"https:\/\/linoexpress.com\/lv\/?post_type=product&#038;p=11619"},"modified":"2025-09-18T10:34:06","modified_gmt":"2025-09-18T08:34:06","slug":"pozicionetajs-durvju-uzstadisanai","status":"publish","type":"product","link":"https:\/\/linoexpress.com\/lv\/proizvod\/pozicionetajs-durvju-uzstadisanai\/","title":{"rendered":"Pozicion\u0113t\u0101js durvju uzst\u0101d\u012b\u0161anai"},"content":{"rendered":"","protected":false},"excerpt":{"rendered":"<p>Prec\u012bzs un vienk\u0101r\u0161s instruments skapju durvju uzst\u0101d\u012b\u0161anai. Tas nodro\u0161ina \u0101tru izl\u012bdzin\u0101\u0161anu un dro\u0161u mont\u0101\u017eu bez papildu pal\u012bdz\u012bbas. Izgatavots no iztur\u012bga alum\u012bnija sakaus\u0113juma ilgsto\u0161ai lieto\u0161anai.<\/p>\n","protected":false},"featured_media":11524,"comment_status":"closed","ping_status":"closed","template":"","meta":{"inline_featured_image":false},"product_brand":[],"product_cat":[27,15],"product_tag":[],"class_list":{"0":"post-11619","1":"product","2":"type-product","3":"status-publish","4":"has-post-thumbnail","6":"product_cat-home","7":"product_cat-uncategorized","9":"first","10":"instock","11":"sale","12":"taxable","13":"shipping-taxable","14":"purchasable","15":"product-type-simple"},"acf":[],"_links":{"self":[{"href":"https:\/\/linoexpress.com\/lv\/wp-json\/wp\/v2\/product\/11619","targetHints":{"allow":["GET"]}}],"collection":[{"href":"https:\/\/linoexpress.com\/lv\/wp-json\/wp\/v2\/product"}],"about":[{"href":"https:\/\/linoexpress.com\/lv\/wp-json\/wp\/v2\/types\/product"}],"replies":[{"embeddable":true,"href":"https:\/\/linoexpress.com\/lv\/wp-json\/wp\/v2\/comments?post=11619"}],"wp:featuredmedia":[{"embeddable":true,"href":"https:\/\/linoexpress.com\/lv\/wp-json\/wp\/v2\/media\/11524"}],"wp:attachment":[{"href":"https:\/\/linoexpress.com\/lv\/wp-json\/wp\/v2\/media?parent=11619"}],"wp:term":[{"taxonomy":"product_brand","embeddable":true,"href":"https:\/\/linoexpress.com\/lv\/wp-json\/wp\/v2\/product_brand?post=11619"},{"taxonomy":"product_cat","embeddable":true,"href":"https:\/\/linoexpress.com\/lv\/wp-json\/wp\/v2\/product_cat?post=11619"},{"taxonomy":"product_tag","embeddable":true,"href":"https:\/\/linoexpress.com\/lv\/wp-json\/wp\/v2\/product_tag?post=11619"}],"curies":[{"name":"wp","href":"https:\/\/api.w.org\/{rel}","templated":true}]}}