{"id":11631,"date":"2025-04-04T14:35:36","date_gmt":"2025-04-04T12:35:36","guid":{"rendered":"https:\/\/linoexpress.com\/lv\/?post_type=product&#038;p=11631"},"modified":"2025-09-18T10:10:53","modified_gmt":"2025-09-18T08:10:53","slug":"istas-sejas-maskas","status":"publish","type":"product","link":"https:\/\/linoexpress.com\/lv\/proizvod\/istas-sejas-maskas\/","title":{"rendered":"\u012astas sejas maskas"},"content":{"rendered":"","protected":false},"excerpt":{"rendered":"<p>Vien\u0101 mirkl\u012b p\u0101rv\u0113rties par k\u0101du citu!<br \/>\nAugstas kvalit\u0101tes re\u0101listiskas maskas no dab\u012bg\u0101 lateksa. Lieliski piem\u0113rots Helov\u012bnam, masku ball\u0113m, tematisk\u0101m ball\u012bt\u0113m vai neaizmirstam\u0101m izjoko\u0161an\u0101m ar draugiem.<\/p>\n","protected":false},"featured_media":11639,"comment_status":"closed","ping_status":"closed","template":"","meta":{"inline_featured_image":false},"product_brand":[],"product_cat":[27,15],"product_tag":[],"class_list":{"0":"post-11631","1":"product","2":"type-product","3":"status-publish","4":"has-post-thumbnail","6":"product_cat-home","7":"product_cat-uncategorized","9":"first","10":"instock","11":"sale","12":"taxable","13":"shipping-taxable","14":"purchasable","15":"product-type-simple"},"acf":[],"_links":{"self":[{"href":"https:\/\/linoexpress.com\/lv\/wp-json\/wp\/v2\/product\/11631","targetHints":{"allow":["GET"]}}],"collection":[{"href":"https:\/\/linoexpress.com\/lv\/wp-json\/wp\/v2\/product"}],"about":[{"href":"https:\/\/linoexpress.com\/lv\/wp-json\/wp\/v2\/types\/product"}],"replies":[{"embeddable":true,"href":"https:\/\/linoexpress.com\/lv\/wp-json\/wp\/v2\/comments?post=11631"}],"wp:featuredmedia":[{"embeddable":true,"href":"https:\/\/linoexpress.com\/lv\/wp-json\/wp\/v2\/media\/11639"}],"wp:attachment":[{"href":"https:\/\/linoexpress.com\/lv\/wp-json\/wp\/v2\/media?parent=11631"}],"wp:term":[{"taxonomy":"product_brand","embeddable":true,"href":"https:\/\/linoexpress.com\/lv\/wp-json\/wp\/v2\/product_brand?post=11631"},{"taxonomy":"product_cat","embeddable":true,"href":"https:\/\/linoexpress.com\/lv\/wp-json\/wp\/v2\/product_cat?post=11631"},{"taxonomy":"product_tag","embeddable":true,"href":"https:\/\/linoexpress.com\/lv\/wp-json\/wp\/v2\/product_tag?post=11631"}],"curies":[{"name":"wp","href":"https:\/\/api.w.org\/{rel}","templated":true}]}}