{"id":11657,"date":"2025-04-09T09:22:02","date_gmt":"2025-04-09T07:22:02","guid":{"rendered":"https:\/\/linoexpress.com\/lv\/?post_type=product&#038;p=11657"},"modified":"2025-09-18T10:10:48","modified_gmt":"2025-09-18T08:10:48","slug":"2-viena-elektriska-un-manuala-automasina-2","status":"publish","type":"product","link":"https:\/\/linoexpress.com\/lv\/proizvod\/2-viena-elektriska-un-manuala-automasina-2\/","title":{"rendered":"2 vien\u0101 elektrisk\u0101 un manu\u0101l\u0101 automa\u0161\u012bna"},"content":{"rendered":"","protected":false},"excerpt":{"rendered":"<p>\u0160\u012b novatorisk\u0101 rota\u013cu automa\u0161\u012bna sniedz b\u0113rniem dubultu jautr\u012bbu un elast\u012bbu. Vi\u0146i to var izmantot manu\u0101li, pagrie\u017eot st\u016bri vai aktiviz\u0113t elektrisko piedzi\u0146u, lai brauk\u0161ana b\u016btu v\u0113l \u0113rt\u0101ka. Tas ir ide\u0101li piem\u0113rots sp\u0113l\u0113\u0161anai iek\u0161telp\u0101s un \u0101r\u0101, ar dro\u0161u un stabilu dizainu, kas nodro\u0161ina bezr\u016bp\u012bgu sp\u0113li.<\/p>\n","protected":false},"featured_media":11660,"comment_status":"closed","ping_status":"closed","template":"","meta":{"inline_featured_image":false},"product_brand":[],"product_cat":[27,15],"product_tag":[],"class_list":{"0":"post-11657","1":"product","2":"type-product","3":"status-publish","4":"has-post-thumbnail","6":"product_cat-home","7":"product_cat-uncategorized","9":"first","10":"instock","11":"sale","12":"taxable","13":"shipping-taxable","14":"purchasable","15":"product-type-simple"},"acf":[],"_links":{"self":[{"href":"https:\/\/linoexpress.com\/lv\/wp-json\/wp\/v2\/product\/11657","targetHints":{"allow":["GET"]}}],"collection":[{"href":"https:\/\/linoexpress.com\/lv\/wp-json\/wp\/v2\/product"}],"about":[{"href":"https:\/\/linoexpress.com\/lv\/wp-json\/wp\/v2\/types\/product"}],"replies":[{"embeddable":true,"href":"https:\/\/linoexpress.com\/lv\/wp-json\/wp\/v2\/comments?post=11657"}],"wp:featuredmedia":[{"embeddable":true,"href":"https:\/\/linoexpress.com\/lv\/wp-json\/wp\/v2\/media\/11660"}],"wp:attachment":[{"href":"https:\/\/linoexpress.com\/lv\/wp-json\/wp\/v2\/media?parent=11657"}],"wp:term":[{"taxonomy":"product_brand","embeddable":true,"href":"https:\/\/linoexpress.com\/lv\/wp-json\/wp\/v2\/product_brand?post=11657"},{"taxonomy":"product_cat","embeddable":true,"href":"https:\/\/linoexpress.com\/lv\/wp-json\/wp\/v2\/product_cat?post=11657"},{"taxonomy":"product_tag","embeddable":true,"href":"https:\/\/linoexpress.com\/lv\/wp-json\/wp\/v2\/product_tag?post=11657"}],"curies":[{"name":"wp","href":"https:\/\/api.w.org\/{rel}","templated":true}]}}