{"id":11727,"date":"2025-06-20T00:01:57","date_gmt":"2025-06-19T22:01:57","guid":{"rendered":"https:\/\/linoexpress.com\/lv\/?post_type=product&#038;p=11727"},"modified":"2025-06-20T02:11:03","modified_gmt":"2025-06-20T00:11:03","slug":"turbo-gaisa-putejs","status":"publish","type":"product","link":"https:\/\/linoexpress.com\/lv\/proizvod\/turbo-gaisa-putejs\/","title":{"rendered":"Turbo gaisa p\u016bt\u0113js"},"content":{"rendered":"","protected":false},"excerpt":{"rendered":"<p>Bezvadu turbo p\u016bt\u0113js ir jaud\u012bgs un daudzfunkcion\u0101ls r\u012bks t\u012br\u012b\u0161anai, \u017e\u0101v\u0113\u0161anai un pump\u0113\u0161anai. Ide\u0101li piem\u0113rots automa\u0161\u012bn\u0101m, elektronikai, m\u0101jai un \u0101ra lieto\u0161anai. Kompakts, bet \u013coti jaud\u012bgs \u2013 padara ikdienas darbus \u0101tr\u0101kus un viegl\u0101kus.<\/p>\n","protected":false},"featured_media":11738,"comment_status":"closed","ping_status":"closed","template":"","meta":{"inline_featured_image":false},"product_brand":[],"product_cat":[27,15],"product_tag":[],"class_list":{"0":"post-11727","1":"product","2":"type-product","3":"status-publish","4":"has-post-thumbnail","6":"product_cat-home","7":"product_cat-uncategorized","9":"first","10":"instock","11":"sale","12":"taxable","13":"shipping-taxable","14":"purchasable","15":"product-type-simple"},"acf":[],"_links":{"self":[{"href":"https:\/\/linoexpress.com\/lv\/wp-json\/wp\/v2\/product\/11727","targetHints":{"allow":["GET"]}}],"collection":[{"href":"https:\/\/linoexpress.com\/lv\/wp-json\/wp\/v2\/product"}],"about":[{"href":"https:\/\/linoexpress.com\/lv\/wp-json\/wp\/v2\/types\/product"}],"replies":[{"embeddable":true,"href":"https:\/\/linoexpress.com\/lv\/wp-json\/wp\/v2\/comments?post=11727"}],"wp:featuredmedia":[{"embeddable":true,"href":"https:\/\/linoexpress.com\/lv\/wp-json\/wp\/v2\/media\/11738"}],"wp:attachment":[{"href":"https:\/\/linoexpress.com\/lv\/wp-json\/wp\/v2\/media?parent=11727"}],"wp:term":[{"taxonomy":"product_brand","embeddable":true,"href":"https:\/\/linoexpress.com\/lv\/wp-json\/wp\/v2\/product_brand?post=11727"},{"taxonomy":"product_cat","embeddable":true,"href":"https:\/\/linoexpress.com\/lv\/wp-json\/wp\/v2\/product_cat?post=11727"},{"taxonomy":"product_tag","embeddable":true,"href":"https:\/\/linoexpress.com\/lv\/wp-json\/wp\/v2\/product_tag?post=11727"}],"curies":[{"name":"wp","href":"https:\/\/api.w.org\/{rel}","templated":true}]}}