{"id":11749,"date":"2025-06-25T01:04:47","date_gmt":"2025-06-24T23:04:47","guid":{"rendered":"https:\/\/linoexpress.com\/lv\/?post_type=product&#038;p=11749"},"modified":"2025-06-25T18:58:54","modified_gmt":"2025-06-25T16:58:54","slug":"akrila-sienas-spogulis","status":"publish","type":"product","link":"https:\/\/linoexpress.com\/lv\/proizvod\/akrila-sienas-spogulis\/","title":{"rendered":"Akrila sienas spogulis"},"content":{"rendered":"","protected":false},"excerpt":{"rendered":"<p data-start=\"210\" data-end=\"444\">Dro\u0161s, praktisks un \u0101rk\u0101rt\u012bgi iztur\u012bgs \u2013 akrila spogulis ir lieliska izv\u0113le jebkur\u0101m m\u0101j\u0101m. Tas nel\u016bzt k\u0101 stikls un ir viegli uzst\u0101d\u0101ms bez instrumentiem. Ide\u0101ls telpas vizu\u0101lai papla\u0161in\u0101\u0161anai un ikdienas lieto\u0161anai.<\/p>\n<p data-start=\"446\" data-end=\"500\">\n","protected":false},"featured_media":11756,"comment_status":"closed","ping_status":"closed","template":"","meta":{"inline_featured_image":false},"product_brand":[],"product_cat":[27,15],"product_tag":[],"class_list":{"0":"post-11749","1":"product","2":"type-product","3":"status-publish","4":"has-post-thumbnail","6":"product_cat-home","7":"product_cat-uncategorized","9":"first","10":"instock","11":"sale","12":"taxable","13":"shipping-taxable","14":"purchasable","15":"product-type-simple"},"acf":[],"_links":{"self":[{"href":"https:\/\/linoexpress.com\/lv\/wp-json\/wp\/v2\/product\/11749","targetHints":{"allow":["GET"]}}],"collection":[{"href":"https:\/\/linoexpress.com\/lv\/wp-json\/wp\/v2\/product"}],"about":[{"href":"https:\/\/linoexpress.com\/lv\/wp-json\/wp\/v2\/types\/product"}],"replies":[{"embeddable":true,"href":"https:\/\/linoexpress.com\/lv\/wp-json\/wp\/v2\/comments?post=11749"}],"wp:featuredmedia":[{"embeddable":true,"href":"https:\/\/linoexpress.com\/lv\/wp-json\/wp\/v2\/media\/11756"}],"wp:attachment":[{"href":"https:\/\/linoexpress.com\/lv\/wp-json\/wp\/v2\/media?parent=11749"}],"wp:term":[{"taxonomy":"product_brand","embeddable":true,"href":"https:\/\/linoexpress.com\/lv\/wp-json\/wp\/v2\/product_brand?post=11749"},{"taxonomy":"product_cat","embeddable":true,"href":"https:\/\/linoexpress.com\/lv\/wp-json\/wp\/v2\/product_cat?post=11749"},{"taxonomy":"product_tag","embeddable":true,"href":"https:\/\/linoexpress.com\/lv\/wp-json\/wp\/v2\/product_tag?post=11749"}],"curies":[{"name":"wp","href":"https:\/\/api.w.org\/{rel}","templated":true}]}}