{"id":11771,"date":"2025-06-25T19:30:05","date_gmt":"2025-06-25T17:30:05","guid":{"rendered":"https:\/\/linoexpress.com\/lv\/?post_type=product&#038;p=11771"},"modified":"2025-06-26T11:28:28","modified_gmt":"2025-06-26T09:28:28","slug":"luksusa-garaza-kolekcionaru-automasinu-modeliem","status":"publish","type":"product","link":"https:\/\/linoexpress.com\/lv\/proizvod\/luksusa-garaza-kolekcionaru-automasinu-modeliem\/","title":{"rendered":"Luksusa gar\u0101\u017ea kolekcion\u0101ru automa\u0161\u012bnu mode\u013ciem"},"content":{"rendered":"","protected":false},"excerpt":{"rendered":"<p data-start=\"4768\" data-end=\"5102\">\u0160\u012b grezn\u0101 mini gar\u0101\u017ea ir ide\u0101ls risin\u0101jums j\u016bsu kolekcion\u0101ro automode\u013cu izst\u0101d\u012b\u0161anai. Ar stil\u012bgu LED apgaismojumu un modernu dizainu t\u0101 nodro\u0161ina elegantu vietu vienam modelim. J\u016bs varat pas\u016bt\u012bt vair\u0101k gar\u0101\u017eu, lai organiz\u0113tu liel\u0101ku kolekciju. Izgatavota no augstas kvalit\u0101tes materi\u0101liem, kas garant\u0113 ilgm\u016b\u017e\u012bbu un kolekcijas dro\u0161\u012bbu.<\/p>\n","protected":false},"featured_media":11777,"comment_status":"closed","ping_status":"closed","template":"","meta":{"inline_featured_image":false},"product_brand":[],"product_cat":[27,15],"product_tag":[],"class_list":{"0":"post-11771","1":"product","2":"type-product","3":"status-publish","4":"has-post-thumbnail","6":"product_cat-home","7":"product_cat-uncategorized","9":"first","10":"instock","11":"sale","12":"taxable","13":"shipping-taxable","14":"purchasable","15":"product-type-simple"},"acf":[],"_links":{"self":[{"href":"https:\/\/linoexpress.com\/lv\/wp-json\/wp\/v2\/product\/11771","targetHints":{"allow":["GET"]}}],"collection":[{"href":"https:\/\/linoexpress.com\/lv\/wp-json\/wp\/v2\/product"}],"about":[{"href":"https:\/\/linoexpress.com\/lv\/wp-json\/wp\/v2\/types\/product"}],"replies":[{"embeddable":true,"href":"https:\/\/linoexpress.com\/lv\/wp-json\/wp\/v2\/comments?post=11771"}],"wp:featuredmedia":[{"embeddable":true,"href":"https:\/\/linoexpress.com\/lv\/wp-json\/wp\/v2\/media\/11777"}],"wp:attachment":[{"href":"https:\/\/linoexpress.com\/lv\/wp-json\/wp\/v2\/media?parent=11771"}],"wp:term":[{"taxonomy":"product_brand","embeddable":true,"href":"https:\/\/linoexpress.com\/lv\/wp-json\/wp\/v2\/product_brand?post=11771"},{"taxonomy":"product_cat","embeddable":true,"href":"https:\/\/linoexpress.com\/lv\/wp-json\/wp\/v2\/product_cat?post=11771"},{"taxonomy":"product_tag","embeddable":true,"href":"https:\/\/linoexpress.com\/lv\/wp-json\/wp\/v2\/product_tag?post=11771"}],"curies":[{"name":"wp","href":"https:\/\/api.w.org\/{rel}","templated":true}]}}