{"id":11790,"date":"2025-06-26T01:10:33","date_gmt":"2025-06-25T23:10:33","guid":{"rendered":"https:\/\/linoexpress.com\/lv\/?post_type=product&#038;p=11790"},"modified":"2025-06-26T03:36:45","modified_gmt":"2025-06-26T01:36:45","slug":"parnesajama-spa-vanna","status":"publish","type":"product","link":"https:\/\/linoexpress.com\/lv\/proizvod\/parnesajama-spa-vanna\/","title":{"rendered":"P\u0101rn\u0113s\u0101jam\u0101 spa vanna"},"content":{"rendered":"","protected":false},"excerpt":{"rendered":"<p>P\u0101rn\u0113s\u0101jam\u0101 mini vanna ir ide\u0101ls risin\u0101jums relaks\u0101cijai jebkur\u0101 viet\u0101 \u2013 m\u0101j\u0101s, ce\u013cojum\u0101 vai pat br\u012bv\u0101 dab\u0101. Pateicoties salok\u0101majam dizainam, t\u0101 aiz\u0146em minim\u0101lu vietu un ir viegli p\u0101rn\u0113s\u0101jama. Izgatavota no dro\u0161iem, \u0113rtiem un termoizol\u0113jo\u0161iem materi\u0101liem, t\u0101 nodro\u0161ina piln\u012bgu spa pieredzi.<\/p>\n","protected":false},"featured_media":11802,"comment_status":"closed","ping_status":"closed","template":"","meta":{"inline_featured_image":false},"product_brand":[],"product_cat":[27,15],"product_tag":[],"class_list":{"0":"post-11790","1":"product","2":"type-product","3":"status-publish","4":"has-post-thumbnail","6":"product_cat-home","7":"product_cat-uncategorized","9":"first","10":"instock","11":"sale","12":"taxable","13":"shipping-taxable","14":"purchasable","15":"product-type-simple"},"acf":[],"_links":{"self":[{"href":"https:\/\/linoexpress.com\/lv\/wp-json\/wp\/v2\/product\/11790","targetHints":{"allow":["GET"]}}],"collection":[{"href":"https:\/\/linoexpress.com\/lv\/wp-json\/wp\/v2\/product"}],"about":[{"href":"https:\/\/linoexpress.com\/lv\/wp-json\/wp\/v2\/types\/product"}],"replies":[{"embeddable":true,"href":"https:\/\/linoexpress.com\/lv\/wp-json\/wp\/v2\/comments?post=11790"}],"wp:featuredmedia":[{"embeddable":true,"href":"https:\/\/linoexpress.com\/lv\/wp-json\/wp\/v2\/media\/11802"}],"wp:attachment":[{"href":"https:\/\/linoexpress.com\/lv\/wp-json\/wp\/v2\/media?parent=11790"}],"wp:term":[{"taxonomy":"product_brand","embeddable":true,"href":"https:\/\/linoexpress.com\/lv\/wp-json\/wp\/v2\/product_brand?post=11790"},{"taxonomy":"product_cat","embeddable":true,"href":"https:\/\/linoexpress.com\/lv\/wp-json\/wp\/v2\/product_cat?post=11790"},{"taxonomy":"product_tag","embeddable":true,"href":"https:\/\/linoexpress.com\/lv\/wp-json\/wp\/v2\/product_tag?post=11790"}],"curies":[{"name":"wp","href":"https:\/\/api.w.org\/{rel}","templated":true}]}}