{"id":11816,"date":"2025-06-27T15:21:12","date_gmt":"2025-06-27T13:21:12","guid":{"rendered":"https:\/\/linoexpress.com\/lv\/?post_type=product&#038;p=11816"},"modified":"2025-06-28T00:38:35","modified_gmt":"2025-06-27T22:38:35","slug":"automatiska-uv-nojume","status":"publish","type":"product","link":"https:\/\/linoexpress.com\/lv\/proizvod\/automatiska-uv-nojume\/","title":{"rendered":"Autom\u0101tiska UV nojume"},"content":{"rendered":"","protected":false},"excerpt":{"rendered":"<p>Aizsarg\u0101jiet sava automobi\u013ca salonu no saules un karstuma ar autom\u0101tisko saliekamo toni v\u0113jstiklam. \u0100tri uzst\u0101d\u0101ma un ievilkta ar vienu kust\u012bbu, neboj\u0101 automobi\u013ca izskatu un taupa ener\u0123iju.<\/p>\n","protected":false},"featured_media":11826,"comment_status":"closed","ping_status":"closed","template":"","meta":{"inline_featured_image":false},"product_brand":[],"product_cat":[27,15],"product_tag":[],"class_list":{"0":"post-11816","1":"product","2":"type-product","3":"status-publish","4":"has-post-thumbnail","6":"product_cat-home","7":"product_cat-uncategorized","9":"first","10":"instock","11":"sale","12":"taxable","13":"shipping-taxable","14":"purchasable","15":"product-type-simple"},"acf":[],"_links":{"self":[{"href":"https:\/\/linoexpress.com\/lv\/wp-json\/wp\/v2\/product\/11816","targetHints":{"allow":["GET"]}}],"collection":[{"href":"https:\/\/linoexpress.com\/lv\/wp-json\/wp\/v2\/product"}],"about":[{"href":"https:\/\/linoexpress.com\/lv\/wp-json\/wp\/v2\/types\/product"}],"replies":[{"embeddable":true,"href":"https:\/\/linoexpress.com\/lv\/wp-json\/wp\/v2\/comments?post=11816"}],"wp:featuredmedia":[{"embeddable":true,"href":"https:\/\/linoexpress.com\/lv\/wp-json\/wp\/v2\/media\/11826"}],"wp:attachment":[{"href":"https:\/\/linoexpress.com\/lv\/wp-json\/wp\/v2\/media?parent=11816"}],"wp:term":[{"taxonomy":"product_brand","embeddable":true,"href":"https:\/\/linoexpress.com\/lv\/wp-json\/wp\/v2\/product_brand?post=11816"},{"taxonomy":"product_cat","embeddable":true,"href":"https:\/\/linoexpress.com\/lv\/wp-json\/wp\/v2\/product_cat?post=11816"},{"taxonomy":"product_tag","embeddable":true,"href":"https:\/\/linoexpress.com\/lv\/wp-json\/wp\/v2\/product_tag?post=11816"}],"curies":[{"name":"wp","href":"https:\/\/api.w.org\/{rel}","templated":true}]}}