{"id":11878,"date":"2025-07-24T21:31:33","date_gmt":"2025-07-24T19:31:33","guid":{"rendered":"https:\/\/linoexpress.com\/lv\/?post_type=product&#038;p=11878"},"modified":"2025-07-24T23:56:20","modified_gmt":"2025-07-24T21:56:20","slug":"rotejoss-grozs-grilam","status":"publish","type":"product","link":"https:\/\/linoexpress.com\/lv\/proizvod\/rotejoss-grozs-grilam\/","title":{"rendered":"Rot\u0113jo\u0161s grozs grilam"},"content":{"rendered":"","protected":false},"excerpt":{"rendered":"<p>Praktisks un inovat\u012bvs cep\u0161anas grozs, kas vienm\u0113r\u012bgi rot\u0113 \u0113dienu, lai ieg\u016btu perfektu gar\u0161u. Ide\u0101li piem\u0113rots d\u0101rze\u0146iem, ga\u013cai un riekstiem. Ietaupa laiku, vietu un \u013cauj piln\u012bb\u0101 izbaud\u012bt gril\u0113\u0161anu.<\/p>\n","protected":false},"featured_media":11892,"comment_status":"closed","ping_status":"closed","template":"","meta":{"inline_featured_image":false},"product_brand":[],"product_cat":[27,15],"product_tag":[],"class_list":{"0":"post-11878","1":"product","2":"type-product","3":"status-publish","4":"has-post-thumbnail","6":"product_cat-home","7":"product_cat-uncategorized","9":"first","10":"instock","11":"sale","12":"taxable","13":"shipping-taxable","14":"purchasable","15":"product-type-simple"},"acf":[],"_links":{"self":[{"href":"https:\/\/linoexpress.com\/lv\/wp-json\/wp\/v2\/product\/11878","targetHints":{"allow":["GET"]}}],"collection":[{"href":"https:\/\/linoexpress.com\/lv\/wp-json\/wp\/v2\/product"}],"about":[{"href":"https:\/\/linoexpress.com\/lv\/wp-json\/wp\/v2\/types\/product"}],"replies":[{"embeddable":true,"href":"https:\/\/linoexpress.com\/lv\/wp-json\/wp\/v2\/comments?post=11878"}],"wp:featuredmedia":[{"embeddable":true,"href":"https:\/\/linoexpress.com\/lv\/wp-json\/wp\/v2\/media\/11892"}],"wp:attachment":[{"href":"https:\/\/linoexpress.com\/lv\/wp-json\/wp\/v2\/media?parent=11878"}],"wp:term":[{"taxonomy":"product_brand","embeddable":true,"href":"https:\/\/linoexpress.com\/lv\/wp-json\/wp\/v2\/product_brand?post=11878"},{"taxonomy":"product_cat","embeddable":true,"href":"https:\/\/linoexpress.com\/lv\/wp-json\/wp\/v2\/product_cat?post=11878"},{"taxonomy":"product_tag","embeddable":true,"href":"https:\/\/linoexpress.com\/lv\/wp-json\/wp\/v2\/product_tag?post=11878"}],"curies":[{"name":"wp","href":"https:\/\/api.w.org\/{rel}","templated":true}]}}